{"id":33,"date":"2026-01-24T11:51:35","date_gmt":"2026-01-24T10:51:35","guid":{"rendered":"http:\/\/szkolaslezaki.pl\/?page_id=33"},"modified":"2026-02-12T10:14:50","modified_gmt":"2026-02-12T09:14:50","slug":"raport-dostepnosci","status":"publish","type":"page","link":"https:\/\/szkolaslezaki.pl\/?page_id=33","title":{"rendered":"Raport dost\u0119pno\u015bci"},"content":{"rendered":"\n<p>Deklaracja dost\u0119pno\u015bci<\/p>\n\n\n\n<p>Zesp\u00f3\u0142 Szkolno- Przedszkolny w \u015al\u0119zakach zobowi\u0105zuje si\u0119 zapewni\u0107 dost\u0119pno\u015b\u0107 swojej strony internetowej zgodnie z ustaw\u0105 z dnia 4 kwietnia 2019 r. o dost\u0119pno\u015bci cyfrowej stron internetowych i aplikacji mobilnych podmiot\u00f3w publicznych.<\/p>\n\n\n\n<p>Deklaracja dost\u0119pno\u015bci dotyczy strony <a href=\"http:\/\/www.szkolaslezaki.pl\/\">http:\/\/www.szkolaslezakipl\/<\/a>.<\/p>\n\n\n\n<p>Data publikacji strony internetowej: 18 lutego 2016 r. Data ostatniej istotnej aktualizacji: 12 luty 2026 r.<\/p>\n\n\n\n<h2 class=\"wp-block-heading\">Stan dost\u0119pno\u015bci cyfrowej<\/h2>\n\n\n\n<p id=\"a11y-status\">Ta strona internetowa jest cz\u0119\u015bciowo zgodna z za\u0142\u0105cznikiem do ustawy o dost\u0119pno\u015bci cyfrowej z dnia 4 kwietnia 2019 r. o dost\u0119pno\u015bci cyfrowej stron internetowych i aplikacji mobilnych podmiot\u00f3w publicznych z powodu niezgodno\u015bci i wy\u0142\u0105cze\u0144 wymienionych poni\u017cej.<\/p>\n\n\n\n<h2 class=\"wp-block-heading\">Niedost\u0119pne tre\u015bci<\/h2>\n\n\n\n<h3 class=\"wp-block-heading\">Niezgodno\u015b\u0107 z za\u0142\u0105cznikiem<\/h3>\n\n\n\n<ul class=\"wp-block-list\">\n<li>Na stronie nie zapewniono alternatywy dla tre\u015bci nietekstowej.<\/li>\n\n\n\n<li>Nie zastosowano odpowiednich znacznik\u00f3w semantycznych, aby struktura tre\u015bci by\u0142a jasna i logiczna.<\/li>\n\n\n\n<li>Strona u\u017cywa grafik aby przedstawi\u0107 tekst.<\/li>\n\n\n\n<li>Tre\u015bci spod kursora nie spe\u0142niaj\u0105 trzech g\u0142\u00f3wnych wymaga\u0144.<\/li>\n\n\n\n<li>Niekt\u00f3re linki prowadz\u0105ce do dokument\u00f3w do pobrania nie informuj\u0105 u\u017cytkownika o formacie pliku.<\/li>\n<\/ul>\n\n\n\n<h3 class=\"wp-block-heading\">Tre\u015bci nieobj\u0119te przepisami<\/h3>\n\n\n\n<ul class=\"wp-block-list\">\n<li>Niekt\u00f3re materia\u0142y niedost\u0119pne cyfrowo zosta\u0142y wytworzone przez inne podmioty. Je\u015bli potrzebujesz, kt\u00f3rego\u015b z nich w formie dost\u0119pnej, skontaktuj si\u0119 z nami i wska\u017c, o kt\u00f3ry dokument chodzi.<\/li>\n<\/ul>\n\n\n\n<h2 class=\"wp-block-heading\">Przygotowanie deklaracji dost\u0119pno\u015bci i jej aktualizacja<\/h2>\n\n\n\n<ul class=\"wp-block-list\">\n<li>Data sporz\u0105dzenia deklaracji: 23 lutego 2022 roku.<\/li>\n\n\n\n<li>Data ostatniego przegl\u0105du deklaracji: 28 marca 2025 roku.<\/li>\n<\/ul>\n\n\n\n<p>Deklaracj\u0119 sporz\u0105dzili\u015bmy na podstawie badania przeprowadzonego przez CBI24 Sp. z o.o. Wyniki badania przedstawia <a href=\"https:\/\/cbi24.pl\/ds\/streszczenie-czg.pdf\">Streszczenie raportu z audytu (95 kb, PDF)<\/a>.<\/p>\n\n\n\n<h2 class=\"wp-block-heading\">Informacje zwrotne i dane kontaktowe<\/h2>\n\n\n\n<p>Wszystkie problemy z dost\u0119pno\u015bci\u0105 cyfrow\u0105 tej strony internetowej mo\u017cesz zg\u0142osi\u0107 do Monika Cicho\u0144 \u2014 mejlowo <a href=\"mailto:sekretariat@szkolaslezaki.pl\">sekretariat@szkolaslezaki.pll<\/a> lub telefonicznie <a href=\"tel:+480158118709\">015 8118709<\/a>.<\/p>\n\n\n\n<p>Ka\u017cdy ma prawo wyst\u0105pi\u0107 z \u017c\u0105daniem zapewnienia dost\u0119pno\u015bci cyfrowej tej strony internetowej lub jej element\u00f3w.<\/p>\n\n\n\n<p>Zg\u0142aszaj\u0105c takie \u017c\u0105danie podaj:<\/p>\n\n\n\n<ul class=\"wp-block-list\">\n<li>swoje imi\u0119 i nazwisko,<\/li>\n\n\n\n<li>swoje dane kontaktowe (np. numer telefonu, e-mail),<\/li>\n\n\n\n<li>dok\u0142adny adres strony internetowej, na kt\u00f3rej jest niedost\u0119pny cyfrowo element lub tre\u015b\u0107,<\/li>\n\n\n\n<li>opis na czym polega problem i jaki spos\u00f3b jego rozwi\u0105zania by\u0142by dla Ciebie najwygodniejszy.<\/li>\n<\/ul>\n\n\n\n<p>Na Twoje zg\u0142oszenie odpowiemy najszybciej jak to mo\u017cliwe, nie p\u00f3\u017aniej ni\u017c w ci\u0105gu 7 dni od jego otrzymania.<\/p>\n\n\n\n<p>Je\u017celi ten termin b\u0119dzie dla nas zbyt kr\u00f3tki poinformujemy Ci\u0119 o tym. W tej informacji podamy nowy termin, do kt\u00f3rego poprawimy zg\u0142oszone przez Ciebie b\u0142\u0119dy lub przygotujemy informacje w alternatywny spos\u00f3b. Ten nowy termin nie b\u0119dzie d\u0142u\u017cszy ni\u017c 2 miesi\u0105ce.<\/p>\n\n\n\n<p>Je\u017celi nie b\u0119dziemy w stanie zapewni\u0107 dost\u0119pno\u015bci cyfrowej strony internetowej lub tre\u015bci, wskazanej w Twoim \u017c\u0105daniu, zaproponujemy Ci dost\u0119p do nich w alternatywny spos\u00f3b.<\/p>\n\n\n\n<h3 class=\"wp-block-heading\">Obs\u0142uga wniosk\u00f3w i skarg zwi\u0105zanych z dost\u0119pno\u015bci\u0105<\/h3>\n\n\n\n<p>Je\u017celi w odpowiedzi na Tw\u00f3j wniosek o zapewnienie dost\u0119pno\u015bci cyfrowej, odm\u00f3wimy zapewnienia \u017c\u0105danej przez Ciebie dost\u0119pno\u015bci cyfrowej, a Ty nie zgadzasz si\u0119 z t\u0105 odmow\u0105, masz prawo z\u0142o\u017cy\u0107 skarg\u0119.<\/p>\n\n\n\n<p>Skarg\u0119 masz prawo z\u0142o\u017cy\u0107 tak\u017ce, je\u015bli nie zgadzasz si\u0119 na skorzystanie z alternatywnego sposobu dost\u0119pu, kt\u00f3ry zaproponowali\u015bmy Ci w odpowiedzi na Tw\u00f3j wniosek o zapewnienie dost\u0119pno\u015bci cyfrowej.<\/p>\n\n\n\n<p>Ewentualn\u0105 skarg\u0119 z\u0142\u00f3\u017c listownie lub mailem do kierownictwa naszego urz\u0119du:<\/p>\n\n\n\n<ul class=\"wp-block-list\">\n<li>Zesp\u00f3\u0142 Szkolno-Przedszkolny w \u015al\u0119zakach,<\/li>\n\n\n\n<li>75, 39-450 Baran\u00f3w Sandomierski,<\/li>\n\n\n\n<li>mejl: <a href=\"mailto:sekretariatWszkolaslezaki.pl\">sekretariat@szkolaslezaki.pl <\/a>.<\/li>\n<\/ul>\n\n\n\n<p><a href=\"https:\/\/www.gov.pl\/web\/gov\/zloz-wniosek-o-zapewnieniedostepnosci-cyfrowej-strony-internetowej-lub-aplikacji-mobilnej\">Pomocne mog\u0105 by\u0107 informacje, kt\u00f3re mo\u017cna znale\u017a\u0107 na rz\u0105dowym portalu gov.pl<\/a>.<\/p>\n\n\n\n<p>Mo\u017cesz tak\u017ce poinformowa\u0107 o tej sytuacji <a href=\"https:\/\/bip.brpo.gov.pl\/\">Rzecznika Praw Obywatelskich<\/a> i poprosi\u0107 o interwencj\u0119 w Twojej sprawie.<\/p>\n\n\n\n<h2 class=\"wp-block-heading\">Pozosta\u0142e informacje<\/h2>\n\n\n\n<h3 class=\"wp-block-heading\">Dost\u0119pno\u015b\u0107 architektoniczna<\/h3>\n\n\n\n<h4 class=\"wp-block-heading\">Zesp\u00f3\u0142 Szkolno-Przedszkolny w \u015al\u0119zakach, 75, 39-450 Baran\u00f3w Sandomierski<\/h4>\n\n\n\n<p>Osoby na w\u00f3zku mog\u0105 wjecha\u0107 tylko na parter budynku.<\/p>\n\n\n\n<p>Drzwi i \u015bciany szklane nie s\u0105 oznaczone kontrastow\u0105 ta\u015bm\u0105.<\/p>\n\n\n\n<p>Schody wyposa\u017cone s\u0105 w por\u0119cze.<\/p>\n\n\n\n<p>Stopnie schod\u00f3w nie s\u0105 oznaczone kontrastowymi pasami.<\/p>\n\n\n\n<p>Brak windy.<\/p>\n\n\n\n<p>Brak toalety dla os\u00f3b z niepe\u0142nosprawno\u015bciami.<\/p>\n\n\n\n<p>Na parkingu nie s\u0105 oznaczone miejsca dla os\u00f3b z niepe\u0142nosprawno\u015bciami.<\/p>\n\n\n\n<p>Brak tyflomap.<\/p>\n\n\n\n<p>Pomieszczenia w budynku s\u0105 oznaczone tabliczkami z wypuk\u0142ymi cyframi i alfabetem brajla.<\/p>\n\n\n\n<p>Brak d\u017awi\u0119kowego systemu nawigacji dla os\u00f3b niewidomych.<\/p>\n\n\n\n<p>Prawo wst\u0119pu z psem asystuj\u0105cym nie zosta\u0142o uregulowane.<\/p>\n\n\n\n<h3 class=\"wp-block-heading\">Dost\u0119pno\u015b\u0107 komunikacyjno-informacyjna<\/h3>\n\n\n\n<p>Brak mo\u017cliwo\u015bci skorzystania z t\u0142umacza j\u0119zyka migowego.<\/p>\n\n\n\n<p>W budynku nie ma p\u0119tli indukcyjnych.<\/p>\n","protected":false},"excerpt":{"rendered":"<p>Deklaracja dost\u0119pno\u015bci Zesp\u00f3\u0142 Szkolno- Przedszkolny w \u015al\u0119zakach zobowi\u0105zuje si\u0119 zapewni\u0107 dost\u0119pno\u015b\u0107 swojej strony internetowej zgodnie z ustaw\u0105 z dnia 4 kwietnia 2019 r. o dost\u0119pno\u015bci cyfrowej stron internetowych i aplikacji mobilnych podmiot\u00f3w publicznych. Deklaracja dost\u0119pno\u015bci dotyczy strony http:\/\/www.szkolaslezakipl\/. Data publikacji strony internetowej: 18 lutego 2016 r. Data ostatniej istotnej aktualizacji: 12 luty 2026 r. Stan dost\u0119pno\u015bci cyfrowej Ta strona internetowa [&hellip;]<\/p>\n","protected":false},"author":1,"featured_media":0,"parent":0,"menu_order":0,"comment_status":"closed","ping_status":"closed","template":"","meta":{"footnotes":""},"class_list":["post-33","page","type-page","status-publish","hentry"],"yoast_head":"<!-- This site is optimized with the Yoast SEO plugin v26.6 - https:\/\/yoast.com\/wordpress\/plugins\/seo\/ -->\n<title>Raport dost\u0119pno\u015bci -<\/title>\n<meta name=\"robots\" content=\"index, follow, max-snippet:-1, max-image-preview:large, max-video-preview:-1\" \/>\n<link rel=\"canonical\" href=\"https:\/\/szkolaslezaki.pl\/?page_id=33\" \/>\n<meta property=\"og:locale\" content=\"pl_PL\" \/>\n<meta property=\"og:type\" content=\"article\" \/>\n<meta property=\"og:title\" content=\"Raport dost\u0119pno\u015bci -\" \/>\n<meta property=\"og:description\" content=\"Deklaracja dost\u0119pno\u015bci Zesp\u00f3\u0142 Szkolno- Przedszkolny w \u015al\u0119zakach zobowi\u0105zuje si\u0119 zapewni\u0107 dost\u0119pno\u015b\u0107 swojej strony internetowej zgodnie z ustaw\u0105 z dnia 4 kwietnia 2019 r. o dost\u0119pno\u015bci cyfrowej stron internetowych i aplikacji mobilnych podmiot\u00f3w publicznych. Deklaracja dost\u0119pno\u015bci dotyczy strony http:\/\/www.szkolaslezakipl\/. Data publikacji strony internetowej: 18 lutego 2016 r. Data ostatniej istotnej aktualizacji: 12 luty 2026 r. Stan dost\u0119pno\u015bci cyfrowej Ta strona internetowa [&hellip;]\" \/>\n<meta property=\"og:url\" content=\"https:\/\/szkolaslezaki.pl\/?page_id=33\" \/>\n<meta property=\"article:modified_time\" content=\"2026-02-12T09:14:50+00:00\" \/>\n<meta name=\"twitter:card\" content=\"summary_large_image\" \/>\n<meta name=\"twitter:label1\" content=\"Szacowany czas czytania\" \/>\n\t<meta name=\"twitter:data1\" content=\"4 minuty\" \/>\n<script type=\"application\/ld+json\" class=\"yoast-schema-graph\">{\"@context\":\"https:\/\/schema.org\",\"@graph\":[{\"@type\":\"WebPage\",\"@id\":\"https:\/\/szkolaslezaki.pl\/?page_id=33\",\"url\":\"https:\/\/szkolaslezaki.pl\/?page_id=33\",\"name\":\"Raport dost\u0119pno\u015bci -\",\"isPartOf\":{\"@id\":\"https:\/\/szkolaslezaki.pl\/#website\"},\"datePublished\":\"2026-01-24T10:51:35+00:00\",\"dateModified\":\"2026-02-12T09:14:50+00:00\",\"breadcrumb\":{\"@id\":\"https:\/\/szkolaslezaki.pl\/?page_id=33#breadcrumb\"},\"inLanguage\":\"pl-PL\",\"potentialAction\":[{\"@type\":\"ReadAction\",\"target\":[\"https:\/\/szkolaslezaki.pl\/?page_id=33\"]}]},{\"@type\":\"BreadcrumbList\",\"@id\":\"https:\/\/szkolaslezaki.pl\/?page_id=33#breadcrumb\",\"itemListElement\":[{\"@type\":\"ListItem\",\"position\":1,\"name\":\"Home\",\"item\":\"https:\/\/szkolaslezaki.pl\/\"},{\"@type\":\"ListItem\",\"position\":2,\"name\":\"Raport dost\u0119pno\u015bci\"}]},{\"@type\":\"WebSite\",\"@id\":\"https:\/\/szkolaslezaki.pl\/#website\",\"url\":\"https:\/\/szkolaslezaki.pl\/\",\"name\":\"\",\"description\":\"\",\"potentialAction\":[{\"@type\":\"SearchAction\",\"target\":{\"@type\":\"EntryPoint\",\"urlTemplate\":\"https:\/\/szkolaslezaki.pl\/?s={search_term_string}\"},\"query-input\":{\"@type\":\"PropertyValueSpecification\",\"valueRequired\":true,\"valueName\":\"search_term_string\"}}],\"inLanguage\":\"pl-PL\"}]}<\/script>\n<!-- \/ Yoast SEO plugin. -->","yoast_head_json":{"title":"Raport dost\u0119pno\u015bci -","robots":{"index":"index","follow":"follow","max-snippet":"max-snippet:-1","max-image-preview":"max-image-preview:large","max-video-preview":"max-video-preview:-1"},"canonical":"https:\/\/szkolaslezaki.pl\/?page_id=33","og_locale":"pl_PL","og_type":"article","og_title":"Raport dost\u0119pno\u015bci -","og_description":"Deklaracja dost\u0119pno\u015bci Zesp\u00f3\u0142 Szkolno- Przedszkolny w \u015al\u0119zakach zobowi\u0105zuje si\u0119 zapewni\u0107 dost\u0119pno\u015b\u0107 swojej strony internetowej zgodnie z ustaw\u0105 z dnia 4 kwietnia 2019 r. o dost\u0119pno\u015bci cyfrowej stron internetowych i aplikacji mobilnych podmiot\u00f3w publicznych. Deklaracja dost\u0119pno\u015bci dotyczy strony http:\/\/www.szkolaslezakipl\/. Data publikacji strony internetowej: 18 lutego 2016 r. Data ostatniej istotnej aktualizacji: 12 luty 2026 r. Stan dost\u0119pno\u015bci cyfrowej Ta strona internetowa [&hellip;]","og_url":"https:\/\/szkolaslezaki.pl\/?page_id=33","article_modified_time":"2026-02-12T09:14:50+00:00","twitter_card":"summary_large_image","twitter_misc":{"Szacowany czas czytania":"4 minuty"},"schema":{"@context":"https:\/\/schema.org","@graph":[{"@type":"WebPage","@id":"https:\/\/szkolaslezaki.pl\/?page_id=33","url":"https:\/\/szkolaslezaki.pl\/?page_id=33","name":"Raport dost\u0119pno\u015bci -","isPartOf":{"@id":"https:\/\/szkolaslezaki.pl\/#website"},"datePublished":"2026-01-24T10:51:35+00:00","dateModified":"2026-02-12T09:14:50+00:00","breadcrumb":{"@id":"https:\/\/szkolaslezaki.pl\/?page_id=33#breadcrumb"},"inLanguage":"pl-PL","potentialAction":[{"@type":"ReadAction","target":["https:\/\/szkolaslezaki.pl\/?page_id=33"]}]},{"@type":"BreadcrumbList","@id":"https:\/\/szkolaslezaki.pl\/?page_id=33#breadcrumb","itemListElement":[{"@type":"ListItem","position":1,"name":"Home","item":"https:\/\/szkolaslezaki.pl\/"},{"@type":"ListItem","position":2,"name":"Raport dost\u0119pno\u015bci"}]},{"@type":"WebSite","@id":"https:\/\/szkolaslezaki.pl\/#website","url":"https:\/\/szkolaslezaki.pl\/","name":"","description":"","potentialAction":[{"@type":"SearchAction","target":{"@type":"EntryPoint","urlTemplate":"https:\/\/szkolaslezaki.pl\/?s={search_term_string}"},"query-input":{"@type":"PropertyValueSpecification","valueRequired":true,"valueName":"search_term_string"}}],"inLanguage":"pl-PL"}]}},"_links":{"self":[{"href":"https:\/\/szkolaslezaki.pl\/index.php?rest_route=\/wp\/v2\/pages\/33","targetHints":{"allow":["GET"]}}],"collection":[{"href":"https:\/\/szkolaslezaki.pl\/index.php?rest_route=\/wp\/v2\/pages"}],"about":[{"href":"https:\/\/szkolaslezaki.pl\/index.php?rest_route=\/wp\/v2\/types\/page"}],"author":[{"embeddable":true,"href":"https:\/\/szkolaslezaki.pl\/index.php?rest_route=\/wp\/v2\/users\/1"}],"replies":[{"embeddable":true,"href":"https:\/\/szkolaslezaki.pl\/index.php?rest_route=%2Fwp%2Fv2%2Fcomments&post=33"}],"version-history":[{"count":3,"href":"https:\/\/szkolaslezaki.pl\/index.php?rest_route=\/wp\/v2\/pages\/33\/revisions"}],"predecessor-version":[{"id":202,"href":"https:\/\/szkolaslezaki.pl\/index.php?rest_route=\/wp\/v2\/pages\/33\/revisions\/202"}],"wp:attachment":[{"href":"https:\/\/szkolaslezaki.pl\/index.php?rest_route=%2Fwp%2Fv2%2Fmedia&parent=33"}],"curies":[{"name":"wp","href":"https:\/\/api.w.org\/{rel}","templated":true}]}}