{"id":26,"date":"2026-01-24T11:29:14","date_gmt":"2026-01-24T10:29:14","guid":{"rendered":"http:\/\/szkolaslezaki.pl\/?page_id=26"},"modified":"2026-02-12T11:10:17","modified_gmt":"2026-02-12T10:10:17","slug":"patron","status":"publish","type":"page","link":"https:\/\/szkolaslezaki.pl\/?page_id=26","title":{"rendered":"Patron"},"content":{"rendered":"\n<p>Patron<\/p>\n\n\n\n<div class=\"wp-block-columns is-layout-flex wp-container-core-columns-is-layout-9d6595d7 wp-block-columns-is-layout-flex\">\n<div class=\"wp-block-column is-layout-flow wp-block-column-is-layout-flow\">\n<figure class=\"wp-block-image size-full\"><img fetchpriority=\"high\" decoding=\"async\" width=\"750\" height=\"567\" src=\"https:\/\/szkolaslezaki.pl\/wp-content\/uploads\/2026\/02\/wyszynski_stefan-1.jpg\" alt=\"\" class=\"wp-image-240\" srcset=\"https:\/\/szkolaslezaki.pl\/wp-content\/uploads\/2026\/02\/wyszynski_stefan-1.jpg 750w, https:\/\/szkolaslezaki.pl\/wp-content\/uploads\/2026\/02\/wyszynski_stefan-1-300x227.jpg 300w, https:\/\/szkolaslezaki.pl\/wp-content\/uploads\/2026\/02\/wyszynski_stefan-1-80x60.jpg 80w\" sizes=\"(max-width: 750px) 100vw, 750px\" \/><\/figure>\n<\/div>\n\n\n\n<div class=\"wp-block-column is-layout-flow wp-block-column-is-layout-flow\">\n<p><strong>Stefan Wyszy\u0144ski<\/strong> urodzi\u0142 si\u0119 <strong>3 sierpnia 1901 roku<\/strong> w <strong>Zuzeli<\/strong>, ko\u0142o \u0141om\u017cy.<br> By\u0142 drugim dzieckiem Stanis\u0142awa i Julianny Wyszy\u0144skich. Mia\u0142 czworo rodze\u0144stwa: Anastazj\u0119, Stanis\u0142aw\u0119, Janin\u0119 i Wac\u0142awa, a p\u00f3\u017aniej <br>przyrodni\u0105 siostr\u0119 Juli\u0119 i przyrodniego brata Tadeusza.<\/p>\n\n\n\n<p>Kiedy Stefan mia\u0142 9 lat, zmar\u0142a jego ukochana mama.<\/p>\n\n\n\n<p>.<\/p>\n<\/div>\n<\/div>\n\n\n\n<p>W <strong>1912 roku<\/strong> rozpocz\u0105\u0142 nauk\u0119 w Gimnazjum im. Wojciecha G\u00f3rskiego w Warszawie, a nast\u0119pnie ucz\u0119szcza\u0142 do szko\u0142y w \u0141om\u017cy. W latach 1917 \u2013 1920 uczy\u0142 si\u0119&nbsp;w Liceum im. Piusa X we W\u0142oc\u0142awku. Nast\u0119pnie kontynuowa\u0142 nauk\u0119 w Wy\u017cszym Seminarium Duchownym we W\u0142oc\u0142awku.<\/p>\n\n\n\n<p>Stefan Wyszy\u0144ski przyj\u0105\u0142 \u015bwi\u0119cenia kap\u0142a\u0144skie w katedrze w\u0142oc\u0142awskiej w dniu swoich urodzin &#8211; <strong>3 sierpnia 1924 roku<\/strong>. Prymicyjn\u0105 Msz\u0119 \u015awi\u0119t\u0105 odprawi\u0142&nbsp;na Jasnej G\u00f3rze w kaplicy Matki Bo\u017cej Cz\u0119stochowskiej.<\/p>\n\n\n\n<p>Swoj\u0105 pos\u0142ug\u0119 kap\u0142a\u0144sk\u0105 rozpocz\u0105\u0142 jako wikariusz katedry w\u0142oc\u0142awskiej<\/p>\n\n\n\n<p>W latach <strong>1929 &#8211; 1930<\/strong> odby\u0142 podr\u00f3\u017c naukow\u0105 do Austrii, W\u0142och, Francji, Belgii, Holandii i Niemiec. Po powrocie do Polski wyk\u0142ada\u0142 w Wy\u017cszym Seminarium Duchownym we W\u0142oc\u0142awku oraz zosta\u0142 naczelnym redaktorem \u201eAteneum Kap\u0142a\u0144skiego\u201d.<\/p>\n\n\n\n<p>W czasie drugiej wojny \u015bwiatowej ukrywa\u0142 si\u0119 przed Gestapo na Lubelszczy\u017anie i&nbsp;w Laskach pod Warszaw\u0105.<\/p>\n\n\n\n<p>W okresie powstania warszawskiego by\u0142 kapelanem Armii Krajowej grupy \u201eKampinos \u201doraz szpitala powsta\u0144czego w Laskach.<\/p>\n\n\n\n<p>W lutym <strong>1945 roku<\/strong> jako rektor organizowa\u0142 Wy\u017csze Seminarium Duchowne we W\u0142oc\u0142awku.<\/p>\n\n\n\n<p><\/p>\n\n\n\n<p><strong>4 marca 1946 roku<\/strong> papie\u017c Pius XII mianowa\u0142 ksi\u0119dza Stefana Wyszy\u0144skiego biskupem ordynariuszem diecezji lubelskiej. Sakr\u0119 biskupi\u0105 otrzyma\u0142 na Jasnej G\u00f3rze z r\u0105k Kardyna\u0142a Augusta Hlonda.<\/p>\n\n\n\n<p>Dwa lata p\u00f3\u017aniej, <strong>12 listopada 1948<\/strong><strong> roku<\/strong>, zosta\u0142 arcybiskupem gnie\u017anie\u0144skim i warszawskim, Prymasem Polski.<\/p>\n\n\n\n<figure class=\"wp-block-image\"><img decoding=\"async\" src=\"http:\/\/zspslezaki.pl\/container\/kard.wyszynski\/image5.png\" alt=\"\"\/><\/figure>\n\n\n\n<p><strong>12 stycznia 1953<\/strong> <strong>roku<\/strong> na konsystorzu w Rzymie zosta\u0142 mianowany kardyna\u0142em. &nbsp;<\/p>\n\n\n\n<p>W tym czasie w Polsce w\u0142adza pa\u0144stwowa coraz bardziej ingerowa\u0142a w sprawy Ko\u015bcio\u0142a.<\/p>\n\n\n\n<p>W nocy z <strong>25 na 26 wrze\u015bnia 1953<\/strong> <strong>roku<\/strong> Prymas Stefan Wyszy\u0144ski zosta\u0142 aresztowany i wywieziony poza Warszaw\u0119.<\/p>\n\n\n\n<p>Przez dwa lata przetrzymywano go w trzech miejscach odosobnienia: w Rywa\u0142dzie, w Stoczku Warmi\u0144skim&nbsp;i Prudniku \u015al\u0105skim. Jesieni\u0105<strong> 1955<\/strong> <strong>roku<\/strong> zosta\u0142 przewieziony do klasztoru Si\u00f3str Nazaretanek w Koma\u0144czy.<\/p>\n\n\n\n<p><strong>28 pa\u017adziernika 1956 roku<\/strong> odzyska\u0142 wolno\u015b\u0107 i wr\u00f3ci\u0142 do Warszawy. Przygotowywa\u0142 nasz nar\u00f3d do obchod\u00f3w Milenium Chrztu Polski.<\/p>\n\n\n\n<p>W latach <strong>1962 -1965<\/strong> uczestniczy\u0142 w pracach II Soboru Watyka\u0144skiego.<\/p>\n\n\n\n<p>W pa\u017adzierniku <strong>1978<\/strong> <strong>roku<\/strong> bra\u0142 udzia\u0142 w konklawe, podczas kt\u00f3rego kardyna\u0142 Karol Wojty\u0142a zosta\u0142 wybrany papie\u017cem. Rok p\u00f3\u017aniej Prymas przyj\u0105\u0142 Ojca \u015awi\u0119tego Jana Paw\u0142a II w Polsce.<\/p>\n\n\n\n<p>Kardyna\u0142 Stefan Wyszy\u0144ski zmar\u0142 <strong>28 maja 1981 roku<\/strong> w Warszawie, w uroczysto\u015b\u0107 Wniebowst\u0105pienia Pa\u0144skiego.<\/p>\n\n\n\n<p>Jego pogrzeb odby\u0142 si\u0119 <strong>31 maja 1981<\/strong> <strong>roku<\/strong>. Zosta\u0142 pochowany w podziemiach bazyliki archikatedralnej \u015bw. Jana Chrzciciela w Warszawie.<\/p>\n\n\n\n<p>Osiem lat po \u015bmierci Prymasa Tysi\u0105clecia rozpocz\u0105\u0142 si\u0119 Jego proces beatyfikacyjny. Etap diecezjalny zako\u0144czy\u0142 si\u0119<strong> 6 lutego 2001 roku. <\/strong>Etap watyka\u0144ski rozpocz\u0105\u0142 si\u0119<strong> 7 czerwca 2001 roku.<\/strong><\/p>\n\n\n\n<p>Od dnia<strong> 18 grudnia 2017 roku <\/strong>Kardyna\u0142owi Stefanowi Wyszy\u0144skiemu przys\u0142uguje tytu\u0142 \u201eCzcigodny S\u0142uga Bo\u017cy\u201d.<\/p>\n\n\n\n<p><strong>2 pa\u017adziernika 2019 roku <\/strong>papie\u017c Franciszek&nbsp;upowa\u017cni\u0142 Kongregacj\u0119 Spraw Kanonizacyjnych do og\u0142oszenia dekretu o cudzie za wstawiennictwem naszego Patrona.<\/p>\n\n\n\n<p><strong>Beatyfikacja Czcigodnego S\u0142ugi Bo\u017cego Kardyna\u0142a Stefana Wyszy\u0144skiego <\/strong>zosta\u0142a og\u0142oszona na dzie\u0144<strong> 7 czerwca 2020 roku, <\/strong>lecz z powodu pandemii koronawirusa zosta\u0142a przeniesiona na <strong>12 wrze\u015bnia 2021 roku.<\/strong> Uroczysto\u015b\u0107 odb\u0119dzie si\u0119 w Warszawie.<\/p>\n","protected":false},"excerpt":{"rendered":"<p>Patron Stefan Wyszy\u0144ski urodzi\u0142 si\u0119 3 sierpnia 1901 roku w Zuzeli, ko\u0142o \u0141om\u017cy. By\u0142 drugim dzieckiem Stanis\u0142awa i Julianny Wyszy\u0144skich. Mia\u0142 czworo rodze\u0144stwa: Anastazj\u0119, Stanis\u0142aw\u0119, Janin\u0119 i Wac\u0142awa, a p\u00f3\u017aniej przyrodni\u0105 siostr\u0119 Juli\u0119 i przyrodniego brata Tadeusza. Kiedy Stefan mia\u0142 9 lat, zmar\u0142a jego ukochana mama. . W 1912 roku rozpocz\u0105\u0142 nauk\u0119 w Gimnazjum im. Wojciecha G\u00f3rskiego w Warszawie, a [&hellip;]<\/p>\n","protected":false},"author":1,"featured_media":0,"parent":0,"menu_order":0,"comment_status":"closed","ping_status":"closed","template":"","meta":{"footnotes":""},"class_list":["post-26","page","type-page","status-publish","hentry"],"yoast_head":"<!-- This site is optimized with the Yoast SEO plugin v26.6 - https:\/\/yoast.com\/wordpress\/plugins\/seo\/ -->\n<title>Patron -<\/title>\n<meta name=\"robots\" content=\"index, follow, max-snippet:-1, max-image-preview:large, max-video-preview:-1\" \/>\n<link rel=\"canonical\" href=\"https:\/\/szkolaslezaki.pl\/?page_id=26\" \/>\n<meta property=\"og:locale\" content=\"pl_PL\" \/>\n<meta property=\"og:type\" content=\"article\" \/>\n<meta property=\"og:title\" content=\"Patron -\" \/>\n<meta property=\"og:description\" content=\"Patron Stefan Wyszy\u0144ski urodzi\u0142 si\u0119 3 sierpnia 1901 roku w Zuzeli, ko\u0142o \u0141om\u017cy. By\u0142 drugim dzieckiem Stanis\u0142awa i Julianny Wyszy\u0144skich. Mia\u0142 czworo rodze\u0144stwa: Anastazj\u0119, Stanis\u0142aw\u0119, Janin\u0119 i Wac\u0142awa, a p\u00f3\u017aniej przyrodni\u0105 siostr\u0119 Juli\u0119 i przyrodniego brata Tadeusza. Kiedy Stefan mia\u0142 9 lat, zmar\u0142a jego ukochana mama. . W 1912 roku rozpocz\u0105\u0142 nauk\u0119 w Gimnazjum im. Wojciecha G\u00f3rskiego w Warszawie, a [&hellip;]\" \/>\n<meta property=\"og:url\" content=\"https:\/\/szkolaslezaki.pl\/?page_id=26\" \/>\n<meta property=\"article:modified_time\" content=\"2026-02-12T10:10:17+00:00\" \/>\n<meta property=\"og:image\" content=\"https:\/\/szkolaslezaki.pl\/wp-content\/uploads\/2026\/02\/wyszynski_stefan-1.jpg\" \/>\n<meta name=\"twitter:card\" content=\"summary_large_image\" \/>\n<meta name=\"twitter:label1\" content=\"Szacowany czas czytania\" \/>\n\t<meta name=\"twitter:data1\" content=\"4 minuty\" \/>\n<script type=\"application\/ld+json\" class=\"yoast-schema-graph\">{\"@context\":\"https:\/\/schema.org\",\"@graph\":[{\"@type\":\"WebPage\",\"@id\":\"https:\/\/szkolaslezaki.pl\/?page_id=26\",\"url\":\"https:\/\/szkolaslezaki.pl\/?page_id=26\",\"name\":\"Patron -\",\"isPartOf\":{\"@id\":\"https:\/\/szkolaslezaki.pl\/#website\"},\"primaryImageOfPage\":{\"@id\":\"https:\/\/szkolaslezaki.pl\/?page_id=26#primaryimage\"},\"image\":{\"@id\":\"https:\/\/szkolaslezaki.pl\/?page_id=26#primaryimage\"},\"thumbnailUrl\":\"https:\/\/szkolaslezaki.pl\/wp-content\/uploads\/2026\/02\/wyszynski_stefan-1.jpg\",\"datePublished\":\"2026-01-24T10:29:14+00:00\",\"dateModified\":\"2026-02-12T10:10:17+00:00\",\"breadcrumb\":{\"@id\":\"https:\/\/szkolaslezaki.pl\/?page_id=26#breadcrumb\"},\"inLanguage\":\"pl-PL\",\"potentialAction\":[{\"@type\":\"ReadAction\",\"target\":[\"https:\/\/szkolaslezaki.pl\/?page_id=26\"]}]},{\"@type\":\"ImageObject\",\"inLanguage\":\"pl-PL\",\"@id\":\"https:\/\/szkolaslezaki.pl\/?page_id=26#primaryimage\",\"url\":\"https:\/\/szkolaslezaki.pl\/wp-content\/uploads\/2026\/02\/wyszynski_stefan-1.jpg\",\"contentUrl\":\"https:\/\/szkolaslezaki.pl\/wp-content\/uploads\/2026\/02\/wyszynski_stefan-1.jpg\",\"width\":750,\"height\":567},{\"@type\":\"BreadcrumbList\",\"@id\":\"https:\/\/szkolaslezaki.pl\/?page_id=26#breadcrumb\",\"itemListElement\":[{\"@type\":\"ListItem\",\"position\":1,\"name\":\"Home\",\"item\":\"https:\/\/szkolaslezaki.pl\/\"},{\"@type\":\"ListItem\",\"position\":2,\"name\":\"Patron\"}]},{\"@type\":\"WebSite\",\"@id\":\"https:\/\/szkolaslezaki.pl\/#website\",\"url\":\"https:\/\/szkolaslezaki.pl\/\",\"name\":\"\",\"description\":\"\",\"potentialAction\":[{\"@type\":\"SearchAction\",\"target\":{\"@type\":\"EntryPoint\",\"urlTemplate\":\"https:\/\/szkolaslezaki.pl\/?s={search_term_string}\"},\"query-input\":{\"@type\":\"PropertyValueSpecification\",\"valueRequired\":true,\"valueName\":\"search_term_string\"}}],\"inLanguage\":\"pl-PL\"}]}<\/script>\n<!-- \/ Yoast SEO plugin. -->","yoast_head_json":{"title":"Patron -","robots":{"index":"index","follow":"follow","max-snippet":"max-snippet:-1","max-image-preview":"max-image-preview:large","max-video-preview":"max-video-preview:-1"},"canonical":"https:\/\/szkolaslezaki.pl\/?page_id=26","og_locale":"pl_PL","og_type":"article","og_title":"Patron -","og_description":"Patron Stefan Wyszy\u0144ski urodzi\u0142 si\u0119 3 sierpnia 1901 roku w Zuzeli, ko\u0142o \u0141om\u017cy. By\u0142 drugim dzieckiem Stanis\u0142awa i Julianny Wyszy\u0144skich. Mia\u0142 czworo rodze\u0144stwa: Anastazj\u0119, Stanis\u0142aw\u0119, Janin\u0119 i Wac\u0142awa, a p\u00f3\u017aniej przyrodni\u0105 siostr\u0119 Juli\u0119 i przyrodniego brata Tadeusza. Kiedy Stefan mia\u0142 9 lat, zmar\u0142a jego ukochana mama. . W 1912 roku rozpocz\u0105\u0142 nauk\u0119 w Gimnazjum im. Wojciecha G\u00f3rskiego w Warszawie, a [&hellip;]","og_url":"https:\/\/szkolaslezaki.pl\/?page_id=26","article_modified_time":"2026-02-12T10:10:17+00:00","og_image":[{"url":"https:\/\/szkolaslezaki.pl\/wp-content\/uploads\/2026\/02\/wyszynski_stefan-1.jpg","type":"","width":"","height":""}],"twitter_card":"summary_large_image","twitter_misc":{"Szacowany czas czytania":"4 minuty"},"schema":{"@context":"https:\/\/schema.org","@graph":[{"@type":"WebPage","@id":"https:\/\/szkolaslezaki.pl\/?page_id=26","url":"https:\/\/szkolaslezaki.pl\/?page_id=26","name":"Patron -","isPartOf":{"@id":"https:\/\/szkolaslezaki.pl\/#website"},"primaryImageOfPage":{"@id":"https:\/\/szkolaslezaki.pl\/?page_id=26#primaryimage"},"image":{"@id":"https:\/\/szkolaslezaki.pl\/?page_id=26#primaryimage"},"thumbnailUrl":"https:\/\/szkolaslezaki.pl\/wp-content\/uploads\/2026\/02\/wyszynski_stefan-1.jpg","datePublished":"2026-01-24T10:29:14+00:00","dateModified":"2026-02-12T10:10:17+00:00","breadcrumb":{"@id":"https:\/\/szkolaslezaki.pl\/?page_id=26#breadcrumb"},"inLanguage":"pl-PL","potentialAction":[{"@type":"ReadAction","target":["https:\/\/szkolaslezaki.pl\/?page_id=26"]}]},{"@type":"ImageObject","inLanguage":"pl-PL","@id":"https:\/\/szkolaslezaki.pl\/?page_id=26#primaryimage","url":"https:\/\/szkolaslezaki.pl\/wp-content\/uploads\/2026\/02\/wyszynski_stefan-1.jpg","contentUrl":"https:\/\/szkolaslezaki.pl\/wp-content\/uploads\/2026\/02\/wyszynski_stefan-1.jpg","width":750,"height":567},{"@type":"BreadcrumbList","@id":"https:\/\/szkolaslezaki.pl\/?page_id=26#breadcrumb","itemListElement":[{"@type":"ListItem","position":1,"name":"Home","item":"https:\/\/szkolaslezaki.pl\/"},{"@type":"ListItem","position":2,"name":"Patron"}]},{"@type":"WebSite","@id":"https:\/\/szkolaslezaki.pl\/#website","url":"https:\/\/szkolaslezaki.pl\/","name":"","description":"","potentialAction":[{"@type":"SearchAction","target":{"@type":"EntryPoint","urlTemplate":"https:\/\/szkolaslezaki.pl\/?s={search_term_string}"},"query-input":{"@type":"PropertyValueSpecification","valueRequired":true,"valueName":"search_term_string"}}],"inLanguage":"pl-PL"}]}},"_links":{"self":[{"href":"https:\/\/szkolaslezaki.pl\/index.php?rest_route=\/wp\/v2\/pages\/26","targetHints":{"allow":["GET"]}}],"collection":[{"href":"https:\/\/szkolaslezaki.pl\/index.php?rest_route=\/wp\/v2\/pages"}],"about":[{"href":"https:\/\/szkolaslezaki.pl\/index.php?rest_route=\/wp\/v2\/types\/page"}],"author":[{"embeddable":true,"href":"https:\/\/szkolaslezaki.pl\/index.php?rest_route=\/wp\/v2\/users\/1"}],"replies":[{"embeddable":true,"href":"https:\/\/szkolaslezaki.pl\/index.php?rest_route=%2Fwp%2Fv2%2Fcomments&post=26"}],"version-history":[{"count":4,"href":"https:\/\/szkolaslezaki.pl\/index.php?rest_route=\/wp\/v2\/pages\/26\/revisions"}],"predecessor-version":[{"id":244,"href":"https:\/\/szkolaslezaki.pl\/index.php?rest_route=\/wp\/v2\/pages\/26\/revisions\/244"}],"wp:attachment":[{"href":"https:\/\/szkolaslezaki.pl\/index.php?rest_route=%2Fwp%2Fv2%2Fmedia&parent=26"}],"curies":[{"name":"wp","href":"https:\/\/api.w.org\/{rel}","templated":true}]}}