{"id":253,"date":"2026-02-12T12:02:44","date_gmt":"2026-02-12T11:02:44","guid":{"rendered":"https:\/\/szkolaslezaki.pl\/?page_id=253"},"modified":"2026-02-12T12:22:28","modified_gmt":"2026-02-12T11:22:28","slug":"rekrutacja","status":"publish","type":"page","link":"https:\/\/szkolaslezaki.pl\/?page_id=253","title":{"rendered":"Rekrutacja"},"content":{"rendered":"\n<div class=\"wp-block-columns is-layout-flex wp-container-core-columns-is-layout-9d6595d7 wp-block-columns-is-layout-flex\">\n<div class=\"wp-block-column is-layout-flow wp-block-column-is-layout-flow\">\n<p>Dyrektor Zespo\u0142u Szkolno-Przedszkolnego w \u015al\u0119zakach\u00a0og\u0142asza nab\u00f3r do Publicznego Przedszkola w \u015al\u0119zakach <br>oraz do klasy I Szko\u0142y Podstawowej w \u015al\u0119zakach na rok szkolny 2025\/2026\u00a0wed\u0142ug poni\u017cszych kryteri\u00f3w oraz zgodnie z poni\u017cszymi terminami:<\/p>\n\n\n\n<p>Zarz\u0105dzenie dotycz\u0105ce rekrutacji:<\/p>\n\n\n\n<div class=\"wp-block-file\"><a id=\"wp-block-file--media-f3e6f861-e33f-4967-885a-00daeccc13d8\" href=\"https:\/\/szkolaslezaki.pl\/wp-content\/uploads\/2026\/02\/Zarzadzenie-dot.-rekrutacji-do-przedszkola-i-klasy-I-2024-2025-2.pdf\">Zarzadzenie dot. rekrutacji do przedszkola i klasy I 2024-2025<\/a><a href=\"https:\/\/szkolaslezaki.pl\/wp-content\/uploads\/2026\/02\/Zarzadzenie-dot.-rekrutacji-do-przedszkola-i-klasy-I-2024-2025-2.pdf\" class=\"wp-block-file__button wp-element-button\" download aria-describedby=\"wp-block-file--media-f3e6f861-e33f-4967-885a-00daeccc13d8\">Pobierz<\/a><\/div>\n\n\n\n<p>Wniosek do przedszkola:<\/p>\n\n\n\n<div class=\"wp-block-file\"><a id=\"wp-block-file--media-0110f1db-9a47-4dca-8124-fa77b852f4a5\" href=\"https:\/\/szkolaslezaki.pl\/wp-content\/uploads\/2026\/02\/wniosek-przedszkole-po-raz-pierwszy-2025-2026-1.doc\">Wniosek do przedszkola25025\/26<\/a><a href=\"https:\/\/szkolaslezaki.pl\/wp-content\/uploads\/2026\/02\/wniosek-przedszkole-po-raz-pierwszy-2025-2026-1.doc\" class=\"wp-block-file__button wp-element-button\" download aria-describedby=\"wp-block-file--media-0110f1db-9a47-4dca-8124-fa77b852f4a5\">Pobierz<\/a><\/div>\n\n\n\n<p>Zg\u0142oszenie do przedszkola- dziecko kontynuuj\u0105ce nauk\u0119 w przedszkolu<\/p>\n\n\n\n<div class=\"wp-block-file\"><a id=\"wp-block-file--media-5b37ab15-723d-44ce-907a-f9c02f0c6935\" href=\"https:\/\/szkolaslezaki.pl\/wp-content\/uploads\/2026\/02\/karta-zgloszenia-przedszkole-kontynuacja-2025-2026-1.doc\">karta zgloszenia-przedszkole-kontynuacja 2025-2026<\/a><a href=\"https:\/\/szkolaslezaki.pl\/wp-content\/uploads\/2026\/02\/karta-zgloszenia-przedszkole-kontynuacja-2025-2026-1.doc\" class=\"wp-block-file__button wp-element-button\" download aria-describedby=\"wp-block-file--media-5b37ab15-723d-44ce-907a-f9c02f0c6935\">Pobierz<\/a><\/div>\n\n\n\n<p><\/p>\n\n\n\n<p>Podanie do szko\u0142y podstawowej<\/p>\n\n\n\n<div class=\"wp-block-file\"><a id=\"wp-block-file--media-f037dc72-8081-4c28-8a27-37465b3d0de0\" href=\"https:\/\/szkolaslezaki.pl\/wp-content\/uploads\/2026\/02\/Podanie-do-szkoly-2025-2026-1.doc\">Podanie do szkoly 2025-2026<\/a><a href=\"https:\/\/szkolaslezaki.pl\/wp-content\/uploads\/2026\/02\/Podanie-do-szkoly-2025-2026-1.doc\" class=\"wp-block-file__button wp-element-button\" download aria-describedby=\"wp-block-file--media-f037dc72-8081-4c28-8a27-37465b3d0de0\">Pobierz<\/a><\/div>\n\n\n\n<p><\/p>\n\n\n\n<p>Karta zg\u0142oszenia<a href=\"http:\/\/zspslezaki.pl\/container\/rekrutacja-22-23\/karta%20zgloszenia-kl.1%202025-2026.doc?noc=1738429066\"> <\/a>do klasy I szko\u0142y podstawowej <br><strong>(dotyczy dzieci zamieszka\u0142ych w obwodzie)<\/strong><\/p>\n\n\n\n<div class=\"wp-block-file\"><a id=\"wp-block-file--media-a1fd65a0-c719-42c9-8f78-6294bbf59aa5\" href=\"https:\/\/szkolaslezaki.pl\/wp-content\/uploads\/2026\/02\/karta-zgloszenia-kl.1-2025-2026-1.doc\">karta zgloszenia-kl.1 2025-2026<\/a><a href=\"https:\/\/szkolaslezaki.pl\/wp-content\/uploads\/2026\/02\/karta-zgloszenia-kl.1-2025-2026-1.doc\" class=\"wp-block-file__button wp-element-button\" download aria-describedby=\"wp-block-file--media-a1fd65a0-c719-42c9-8f78-6294bbf59aa5\">Pobierz<\/a><\/div>\n<\/div>\n<\/div>\n\n\n\n<p><\/p>\n","protected":false},"excerpt":{"rendered":"<p>Dyrektor Zespo\u0142u Szkolno-Przedszkolnego w \u015al\u0119zakach\u00a0og\u0142asza nab\u00f3r do Publicznego Przedszkola w \u015al\u0119zakach oraz do klasy I Szko\u0142y Podstawowej w \u015al\u0119zakach na rok szkolny 2025\/2026\u00a0wed\u0142ug poni\u017cszych kryteri\u00f3w oraz zgodnie z poni\u017cszymi terminami: Zarz\u0105dzenie dotycz\u0105ce rekrutacji: Wniosek do przedszkola: Zg\u0142oszenie do przedszkola- dziecko kontynuuj\u0105ce nauk\u0119 w przedszkolu Podanie do szko\u0142y podstawowej Karta zg\u0142oszenia do klasy I szko\u0142y podstawowej (dotyczy dzieci zamieszka\u0142ych w obwodzie)<\/p>\n","protected":false},"author":1,"featured_media":0,"parent":0,"menu_order":0,"comment_status":"closed","ping_status":"closed","template":"","meta":{"footnotes":""},"class_list":["post-253","page","type-page","status-publish","hentry"],"yoast_head":"<!-- This site is optimized with the Yoast SEO plugin v26.6 - https:\/\/yoast.com\/wordpress\/plugins\/seo\/ -->\n<title>Rekrutacja -<\/title>\n<meta name=\"robots\" content=\"index, follow, max-snippet:-1, max-image-preview:large, max-video-preview:-1\" \/>\n<link rel=\"canonical\" href=\"https:\/\/szkolaslezaki.pl\/?page_id=253\" \/>\n<meta property=\"og:locale\" content=\"pl_PL\" \/>\n<meta property=\"og:type\" content=\"article\" \/>\n<meta property=\"og:title\" content=\"Rekrutacja -\" \/>\n<meta property=\"og:description\" content=\"Dyrektor Zespo\u0142u Szkolno-Przedszkolnego w \u015al\u0119zakach\u00a0og\u0142asza nab\u00f3r do Publicznego Przedszkola w \u015al\u0119zakach oraz do klasy I Szko\u0142y Podstawowej w \u015al\u0119zakach na rok szkolny 2025\/2026\u00a0wed\u0142ug poni\u017cszych kryteri\u00f3w oraz zgodnie z poni\u017cszymi terminami: Zarz\u0105dzenie dotycz\u0105ce rekrutacji: Wniosek do przedszkola: Zg\u0142oszenie do przedszkola- dziecko kontynuuj\u0105ce nauk\u0119 w przedszkolu Podanie do szko\u0142y podstawowej Karta zg\u0142oszenia do klasy I szko\u0142y podstawowej (dotyczy dzieci zamieszka\u0142ych w obwodzie)\" \/>\n<meta property=\"og:url\" content=\"https:\/\/szkolaslezaki.pl\/?page_id=253\" \/>\n<meta property=\"article:modified_time\" content=\"2026-02-12T11:22:28+00:00\" \/>\n<meta name=\"twitter:card\" content=\"summary_large_image\" \/>\n<meta name=\"twitter:label1\" content=\"Szacowany czas czytania\" \/>\n\t<meta name=\"twitter:data1\" content=\"1 minuta\" \/>\n<script type=\"application\/ld+json\" class=\"yoast-schema-graph\">{\"@context\":\"https:\/\/schema.org\",\"@graph\":[{\"@type\":\"WebPage\",\"@id\":\"https:\/\/szkolaslezaki.pl\/?page_id=253\",\"url\":\"https:\/\/szkolaslezaki.pl\/?page_id=253\",\"name\":\"Rekrutacja -\",\"isPartOf\":{\"@id\":\"https:\/\/szkolaslezaki.pl\/#website\"},\"datePublished\":\"2026-02-12T11:02:44+00:00\",\"dateModified\":\"2026-02-12T11:22:28+00:00\",\"breadcrumb\":{\"@id\":\"https:\/\/szkolaslezaki.pl\/?page_id=253#breadcrumb\"},\"inLanguage\":\"pl-PL\",\"potentialAction\":[{\"@type\":\"ReadAction\",\"target\":[\"https:\/\/szkolaslezaki.pl\/?page_id=253\"]}]},{\"@type\":\"BreadcrumbList\",\"@id\":\"https:\/\/szkolaslezaki.pl\/?page_id=253#breadcrumb\",\"itemListElement\":[{\"@type\":\"ListItem\",\"position\":1,\"name\":\"Home\",\"item\":\"https:\/\/szkolaslezaki.pl\/\"},{\"@type\":\"ListItem\",\"position\":2,\"name\":\"Rekrutacja\"}]},{\"@type\":\"WebSite\",\"@id\":\"https:\/\/szkolaslezaki.pl\/#website\",\"url\":\"https:\/\/szkolaslezaki.pl\/\",\"name\":\"\",\"description\":\"\",\"potentialAction\":[{\"@type\":\"SearchAction\",\"target\":{\"@type\":\"EntryPoint\",\"urlTemplate\":\"https:\/\/szkolaslezaki.pl\/?s={search_term_string}\"},\"query-input\":{\"@type\":\"PropertyValueSpecification\",\"valueRequired\":true,\"valueName\":\"search_term_string\"}}],\"inLanguage\":\"pl-PL\"}]}<\/script>\n<!-- \/ Yoast SEO plugin. -->","yoast_head_json":{"title":"Rekrutacja -","robots":{"index":"index","follow":"follow","max-snippet":"max-snippet:-1","max-image-preview":"max-image-preview:large","max-video-preview":"max-video-preview:-1"},"canonical":"https:\/\/szkolaslezaki.pl\/?page_id=253","og_locale":"pl_PL","og_type":"article","og_title":"Rekrutacja -","og_description":"Dyrektor Zespo\u0142u Szkolno-Przedszkolnego w \u015al\u0119zakach\u00a0og\u0142asza nab\u00f3r do Publicznego Przedszkola w \u015al\u0119zakach oraz do klasy I Szko\u0142y Podstawowej w \u015al\u0119zakach na rok szkolny 2025\/2026\u00a0wed\u0142ug poni\u017cszych kryteri\u00f3w oraz zgodnie z poni\u017cszymi terminami: Zarz\u0105dzenie dotycz\u0105ce rekrutacji: Wniosek do przedszkola: Zg\u0142oszenie do przedszkola- dziecko kontynuuj\u0105ce nauk\u0119 w przedszkolu Podanie do szko\u0142y podstawowej Karta zg\u0142oszenia do klasy I szko\u0142y podstawowej (dotyczy dzieci zamieszka\u0142ych w obwodzie)","og_url":"https:\/\/szkolaslezaki.pl\/?page_id=253","article_modified_time":"2026-02-12T11:22:28+00:00","twitter_card":"summary_large_image","twitter_misc":{"Szacowany czas czytania":"1 minuta"},"schema":{"@context":"https:\/\/schema.org","@graph":[{"@type":"WebPage","@id":"https:\/\/szkolaslezaki.pl\/?page_id=253","url":"https:\/\/szkolaslezaki.pl\/?page_id=253","name":"Rekrutacja -","isPartOf":{"@id":"https:\/\/szkolaslezaki.pl\/#website"},"datePublished":"2026-02-12T11:02:44+00:00","dateModified":"2026-02-12T11:22:28+00:00","breadcrumb":{"@id":"https:\/\/szkolaslezaki.pl\/?page_id=253#breadcrumb"},"inLanguage":"pl-PL","potentialAction":[{"@type":"ReadAction","target":["https:\/\/szkolaslezaki.pl\/?page_id=253"]}]},{"@type":"BreadcrumbList","@id":"https:\/\/szkolaslezaki.pl\/?page_id=253#breadcrumb","itemListElement":[{"@type":"ListItem","position":1,"name":"Home","item":"https:\/\/szkolaslezaki.pl\/"},{"@type":"ListItem","position":2,"name":"Rekrutacja"}]},{"@type":"WebSite","@id":"https:\/\/szkolaslezaki.pl\/#website","url":"https:\/\/szkolaslezaki.pl\/","name":"","description":"","potentialAction":[{"@type":"SearchAction","target":{"@type":"EntryPoint","urlTemplate":"https:\/\/szkolaslezaki.pl\/?s={search_term_string}"},"query-input":{"@type":"PropertyValueSpecification","valueRequired":true,"valueName":"search_term_string"}}],"inLanguage":"pl-PL"}]}},"_links":{"self":[{"href":"https:\/\/szkolaslezaki.pl\/index.php?rest_route=\/wp\/v2\/pages\/253","targetHints":{"allow":["GET"]}}],"collection":[{"href":"https:\/\/szkolaslezaki.pl\/index.php?rest_route=\/wp\/v2\/pages"}],"about":[{"href":"https:\/\/szkolaslezaki.pl\/index.php?rest_route=\/wp\/v2\/types\/page"}],"author":[{"embeddable":true,"href":"https:\/\/szkolaslezaki.pl\/index.php?rest_route=\/wp\/v2\/users\/1"}],"replies":[{"embeddable":true,"href":"https:\/\/szkolaslezaki.pl\/index.php?rest_route=%2Fwp%2Fv2%2Fcomments&post=253"}],"version-history":[{"count":6,"href":"https:\/\/szkolaslezaki.pl\/index.php?rest_route=\/wp\/v2\/pages\/253\/revisions"}],"predecessor-version":[{"id":300,"href":"https:\/\/szkolaslezaki.pl\/index.php?rest_route=\/wp\/v2\/pages\/253\/revisions\/300"}],"wp:attachment":[{"href":"https:\/\/szkolaslezaki.pl\/index.php?rest_route=%2Fwp%2Fv2%2Fmedia&parent=253"}],"curies":[{"name":"wp","href":"https:\/\/api.w.org\/{rel}","templated":true}]}}