{"id":245,"date":"2026-02-12T11:15:42","date_gmt":"2026-02-12T10:15:42","guid":{"rendered":"https:\/\/szkolaslezaki.pl\/?page_id=245"},"modified":"2026-02-12T11:15:43","modified_gmt":"2026-02-12T10:15:43","slug":"sztandar-szkoly","status":"publish","type":"page","link":"https:\/\/szkolaslezaki.pl\/?page_id=245","title":{"rendered":"Sztandar Szko\u0142y"},"content":{"rendered":"\n<p>Dnia <strong>28 maja 2002 roku<\/strong> Publiczna Szko\u0142a Podstawowa w \u015al\u0119zakach otrzyma\u0142a imi\u0119 Kardyna\u0142a Stefana Wyszy\u0144skiego. Podczas uroczystej Mszy \u015awi\u0119tej odprawionej pod przewodnictwem ksi\u0119dza Biskupa Andrzeja Dzi\u0119gi nast\u0105pi\u0142o po\u015bwi\u0119cenie sztandaru ufundowanego przez nauczycieli. Nast\u0119pnie na dziedzi\u0144cu szkolnym odby\u0142a si\u0119 jego prezentacja oraz uroczyste \u015blubowanie uczni\u00f3w i nauczycieli.<\/p>\n\n\n\n<p><em><strong>&nbsp; &nbsp; &nbsp;Na stronie g\u0142\u00f3wnej sztandaru znajduje si\u0119&nbsp;posta\u0107 Patrona, a wok\u00f3\u0142 niej napis o tre\u015bci: Szko\u0142a Podstawowa im. Stefana Kardyna\u0142a Wyszy\u0144skiego w \u015al\u0119zakach. W g\u00f3rnym rogu znajduj\u0105 si\u0119 znamienne s\u0142owa Prymasa Tysi\u0105clecia: \u201eSzukamy cz\u0142owieka i czekamy na cz\u0142owieka, kt\u00f3ry mia\u0142by odwag\u0119 m\u00f3wi\u0107 prawd\u0119, kierowa\u0107 si\u0119 prawd\u0105 i prawd\u0105 \u017cy\u0107.\u201d<\/strong><\/em><\/p>\n\n\n\n<p><em><strong>&nbsp; &nbsp; &nbsp;Na stronie odwrotnej sztandaru znajduje si\u0119 wizerunek Or\u0142a Bia\u0142ego w koronie.&nbsp;<\/strong><\/em><\/p>\n\n\n\n<p>Co pewien czas zmienia si\u0119 sk\u0142ad pocztu sztandarowego, lecz warto\u015bci, kt\u00f3re wskazywa\u0142 nasz Patron, wci\u0105\u017c pozostaj\u0105 aktualne.<\/p>\n\n\n\n<p><em><strong>Sk\u0142ad pocztu sztandarowego w roku szkolnym 2023\/2024 tworz\u0105:<\/strong><\/em><\/p>\n\n\n\n<p><em><strong>Chor\u0105\u017cy: Antoni Serwan<\/strong><\/em><\/p>\n\n\n\n<p><em><strong>Asysta: Julia Burzy\u0144ska&nbsp;&nbsp;<\/strong><\/em><\/p>\n\n\n\n<p><em><strong>Asysta: Kinga Nowak<\/strong><\/em><\/p>\n\n\n\n<p><em><strong>Opiekunami pocztu sztandarowego w roku szkolnym 2023\/2024 s\u0105: Pani Ewa Kraso\u0144 i Pan Grzegorz Koptyra.<\/strong><\/em><\/p>\n\n\n\n<p><strong>&nbsp; &nbsp; &nbsp;Insygniami pocztu sztandarowego s\u0105:<\/strong><\/p>\n\n\n\n<p>&#8211; bia\u0142o-czerwone szarfy przewieszone przez prawe rami\u0119, zwr\u00f3cone kolorem bia\u0142ym w stron\u0119 ko\u0142nierza, spi\u0119te na lewym biodrze,<\/p>\n\n\n\n<p>&#8211; bia\u0142e r\u0119kawiczki.<\/p>\n\n\n\n<p><strong>&nbsp; &nbsp; &nbsp;Zadaniem pocztu sztandarowego jest godne reprezentowanie naszej plac\u00f3wki podczas uroczysto\u015bci na terenie szko\u0142y i poza ni\u0105:<\/strong><\/p>\n\n\n\n<p>&#8211; uroczyste rozpocz\u0119cie i zako\u0144czenie roku szkolnego,<\/p>\n\n\n\n<p>&#8211; \u015blubowanie klas pierwszych,<\/p>\n\n\n\n<p>&#8211; uroczysto\u015bci rocznicowe (Konstytucja 3 Maja, \u015awi\u0119to Odzyskania Niepodleg\u0142o\u015bci),<\/p>\n\n\n\n<p>&#8211; uroczysto\u015bci ku czci Patrona,<\/p>\n\n\n\n<p>&#8211; inne uroczysto\u015bci (ustalone za zgod\u0105 Dyrektora szko\u0142y).<\/p>\n\n\n\n<p>&nbsp; &nbsp; &nbsp; Uroczysto\u015bci z udzia\u0142em sztandaru wymagaj\u0105 zachowania powagi, a przechowywanie, transport i przygotowanie sztandaru do prezentacji, w\u0142a\u015bciwych postaw jego poszanowania.<\/p>\n\n\n\n<div class=\"wp-block-columns is-layout-flex wp-container-core-columns-is-layout-9d6595d7 wp-block-columns-is-layout-flex\">\n<div class=\"wp-block-column is-layout-flow wp-block-column-is-layout-flow\">\n<figure class=\"wp-block-image size-full is-resized\"><img fetchpriority=\"high\" decoding=\"async\" width=\"725\" height=\"626\" src=\"https:\/\/szkolaslezaki.pl\/wp-content\/uploads\/2026\/02\/tablica.jpg\" alt=\"\" class=\"wp-image-246\" style=\"aspect-ratio:1.158163598359011;width:404px;height:auto\" srcset=\"https:\/\/szkolaslezaki.pl\/wp-content\/uploads\/2026\/02\/tablica.jpg 725w, https:\/\/szkolaslezaki.pl\/wp-content\/uploads\/2026\/02\/tablica-300x259.jpg 300w\" sizes=\"(max-width: 725px) 100vw, 725px\" \/><\/figure>\n<\/div>\n\n\n\n<div class=\"wp-block-column is-layout-flow wp-block-column-is-layout-flow\">\n<figure class=\"wp-block-image size-large\"><img decoding=\"async\" width=\"1024\" height=\"721\" src=\"https:\/\/szkolaslezaki.pl\/wp-content\/uploads\/2026\/02\/sztandar1-1024x721.jpg\" alt=\"\" class=\"wp-image-247\" srcset=\"https:\/\/szkolaslezaki.pl\/wp-content\/uploads\/2026\/02\/sztandar1-1024x721.jpg 1024w, https:\/\/szkolaslezaki.pl\/wp-content\/uploads\/2026\/02\/sztandar1-300x211.jpg 300w, https:\/\/szkolaslezaki.pl\/wp-content\/uploads\/2026\/02\/sztandar1-768x541.jpg 768w, https:\/\/szkolaslezaki.pl\/wp-content\/uploads\/2026\/02\/sztandar1.jpg 1200w\" sizes=\"(max-width: 1024px) 100vw, 1024px\" \/><\/figure>\n<\/div>\n\n\n\n<div class=\"wp-block-column is-layout-flow wp-block-column-is-layout-flow\">\n<figure class=\"wp-block-image size-full is-resized\"><img decoding=\"async\" width=\"648\" height=\"554\" src=\"https:\/\/szkolaslezaki.pl\/wp-content\/uploads\/2026\/02\/poczet.jpg\" alt=\"\" class=\"wp-image-248\" style=\"aspect-ratio:1.1696637480743683;width:415px;height:auto\" srcset=\"https:\/\/szkolaslezaki.pl\/wp-content\/uploads\/2026\/02\/poczet.jpg 648w, https:\/\/szkolaslezaki.pl\/wp-content\/uploads\/2026\/02\/poczet-300x256.jpg 300w\" sizes=\"(max-width: 648px) 100vw, 648px\" \/><\/figure>\n<\/div>\n<\/div>\n","protected":false},"excerpt":{"rendered":"<p>Dnia 28 maja 2002 roku Publiczna Szko\u0142a Podstawowa w \u015al\u0119zakach otrzyma\u0142a imi\u0119 Kardyna\u0142a Stefana Wyszy\u0144skiego. Podczas uroczystej Mszy \u015awi\u0119tej odprawionej pod przewodnictwem ksi\u0119dza Biskupa Andrzeja Dzi\u0119gi nast\u0105pi\u0142o po\u015bwi\u0119cenie sztandaru ufundowanego przez nauczycieli. Nast\u0119pnie na dziedzi\u0144cu szkolnym odby\u0142a si\u0119 jego prezentacja oraz uroczyste \u015blubowanie uczni\u00f3w i nauczycieli. &nbsp; &nbsp; &nbsp;Na stronie g\u0142\u00f3wnej sztandaru znajduje si\u0119&nbsp;posta\u0107 Patrona, a wok\u00f3\u0142 niej napis o [&hellip;]<\/p>\n","protected":false},"author":1,"featured_media":0,"parent":0,"menu_order":0,"comment_status":"closed","ping_status":"closed","template":"","meta":{"footnotes":""},"class_list":["post-245","page","type-page","status-publish","hentry"],"yoast_head":"<!-- This site is optimized with the Yoast SEO plugin v26.6 - https:\/\/yoast.com\/wordpress\/plugins\/seo\/ -->\n<title>Sztandar Szko\u0142y -<\/title>\n<meta name=\"robots\" content=\"index, follow, max-snippet:-1, max-image-preview:large, max-video-preview:-1\" \/>\n<link rel=\"canonical\" href=\"https:\/\/szkolaslezaki.pl\/?page_id=245\" \/>\n<meta property=\"og:locale\" content=\"pl_PL\" \/>\n<meta property=\"og:type\" content=\"article\" \/>\n<meta property=\"og:title\" content=\"Sztandar Szko\u0142y -\" \/>\n<meta property=\"og:description\" content=\"Dnia 28 maja 2002 roku Publiczna Szko\u0142a Podstawowa w \u015al\u0119zakach otrzyma\u0142a imi\u0119 Kardyna\u0142a Stefana Wyszy\u0144skiego. Podczas uroczystej Mszy \u015awi\u0119tej odprawionej pod przewodnictwem ksi\u0119dza Biskupa Andrzeja Dzi\u0119gi nast\u0105pi\u0142o po\u015bwi\u0119cenie sztandaru ufundowanego przez nauczycieli. Nast\u0119pnie na dziedzi\u0144cu szkolnym odby\u0142a si\u0119 jego prezentacja oraz uroczyste \u015blubowanie uczni\u00f3w i nauczycieli. &nbsp; &nbsp; &nbsp;Na stronie g\u0142\u00f3wnej sztandaru znajduje si\u0119&nbsp;posta\u0107 Patrona, a wok\u00f3\u0142 niej napis o [&hellip;]\" \/>\n<meta property=\"og:url\" content=\"https:\/\/szkolaslezaki.pl\/?page_id=245\" \/>\n<meta property=\"article:modified_time\" content=\"2026-02-12T10:15:43+00:00\" \/>\n<meta property=\"og:image\" content=\"https:\/\/szkolaslezaki.pl\/wp-content\/uploads\/2026\/02\/tablica.jpg\" \/>\n<meta name=\"twitter:card\" content=\"summary_large_image\" \/>\n<meta name=\"twitter:label1\" content=\"Szacowany czas czytania\" \/>\n\t<meta name=\"twitter:data1\" content=\"3 minuty\" \/>\n<script type=\"application\/ld+json\" class=\"yoast-schema-graph\">{\"@context\":\"https:\/\/schema.org\",\"@graph\":[{\"@type\":\"WebPage\",\"@id\":\"https:\/\/szkolaslezaki.pl\/?page_id=245\",\"url\":\"https:\/\/szkolaslezaki.pl\/?page_id=245\",\"name\":\"Sztandar Szko\u0142y -\",\"isPartOf\":{\"@id\":\"https:\/\/szkolaslezaki.pl\/#website\"},\"primaryImageOfPage\":{\"@id\":\"https:\/\/szkolaslezaki.pl\/?page_id=245#primaryimage\"},\"image\":{\"@id\":\"https:\/\/szkolaslezaki.pl\/?page_id=245#primaryimage\"},\"thumbnailUrl\":\"https:\/\/szkolaslezaki.pl\/wp-content\/uploads\/2026\/02\/tablica.jpg\",\"datePublished\":\"2026-02-12T10:15:42+00:00\",\"dateModified\":\"2026-02-12T10:15:43+00:00\",\"breadcrumb\":{\"@id\":\"https:\/\/szkolaslezaki.pl\/?page_id=245#breadcrumb\"},\"inLanguage\":\"pl-PL\",\"potentialAction\":[{\"@type\":\"ReadAction\",\"target\":[\"https:\/\/szkolaslezaki.pl\/?page_id=245\"]}]},{\"@type\":\"ImageObject\",\"inLanguage\":\"pl-PL\",\"@id\":\"https:\/\/szkolaslezaki.pl\/?page_id=245#primaryimage\",\"url\":\"https:\/\/szkolaslezaki.pl\/wp-content\/uploads\/2026\/02\/tablica.jpg\",\"contentUrl\":\"https:\/\/szkolaslezaki.pl\/wp-content\/uploads\/2026\/02\/tablica.jpg\",\"width\":725,\"height\":626},{\"@type\":\"BreadcrumbList\",\"@id\":\"https:\/\/szkolaslezaki.pl\/?page_id=245#breadcrumb\",\"itemListElement\":[{\"@type\":\"ListItem\",\"position\":1,\"name\":\"Home\",\"item\":\"https:\/\/szkolaslezaki.pl\/\"},{\"@type\":\"ListItem\",\"position\":2,\"name\":\"Sztandar Szko\u0142y\"}]},{\"@type\":\"WebSite\",\"@id\":\"https:\/\/szkolaslezaki.pl\/#website\",\"url\":\"https:\/\/szkolaslezaki.pl\/\",\"name\":\"\",\"description\":\"\",\"potentialAction\":[{\"@type\":\"SearchAction\",\"target\":{\"@type\":\"EntryPoint\",\"urlTemplate\":\"https:\/\/szkolaslezaki.pl\/?s={search_term_string}\"},\"query-input\":{\"@type\":\"PropertyValueSpecification\",\"valueRequired\":true,\"valueName\":\"search_term_string\"}}],\"inLanguage\":\"pl-PL\"}]}<\/script>\n<!-- \/ Yoast SEO plugin. -->","yoast_head_json":{"title":"Sztandar Szko\u0142y -","robots":{"index":"index","follow":"follow","max-snippet":"max-snippet:-1","max-image-preview":"max-image-preview:large","max-video-preview":"max-video-preview:-1"},"canonical":"https:\/\/szkolaslezaki.pl\/?page_id=245","og_locale":"pl_PL","og_type":"article","og_title":"Sztandar Szko\u0142y -","og_description":"Dnia 28 maja 2002 roku Publiczna Szko\u0142a Podstawowa w \u015al\u0119zakach otrzyma\u0142a imi\u0119 Kardyna\u0142a Stefana Wyszy\u0144skiego. Podczas uroczystej Mszy \u015awi\u0119tej odprawionej pod przewodnictwem ksi\u0119dza Biskupa Andrzeja Dzi\u0119gi nast\u0105pi\u0142o po\u015bwi\u0119cenie sztandaru ufundowanego przez nauczycieli. Nast\u0119pnie na dziedzi\u0144cu szkolnym odby\u0142a si\u0119 jego prezentacja oraz uroczyste \u015blubowanie uczni\u00f3w i nauczycieli. &nbsp; &nbsp; &nbsp;Na stronie g\u0142\u00f3wnej sztandaru znajduje si\u0119&nbsp;posta\u0107 Patrona, a wok\u00f3\u0142 niej napis o [&hellip;]","og_url":"https:\/\/szkolaslezaki.pl\/?page_id=245","article_modified_time":"2026-02-12T10:15:43+00:00","og_image":[{"url":"https:\/\/szkolaslezaki.pl\/wp-content\/uploads\/2026\/02\/tablica.jpg","type":"","width":"","height":""}],"twitter_card":"summary_large_image","twitter_misc":{"Szacowany czas czytania":"3 minuty"},"schema":{"@context":"https:\/\/schema.org","@graph":[{"@type":"WebPage","@id":"https:\/\/szkolaslezaki.pl\/?page_id=245","url":"https:\/\/szkolaslezaki.pl\/?page_id=245","name":"Sztandar Szko\u0142y -","isPartOf":{"@id":"https:\/\/szkolaslezaki.pl\/#website"},"primaryImageOfPage":{"@id":"https:\/\/szkolaslezaki.pl\/?page_id=245#primaryimage"},"image":{"@id":"https:\/\/szkolaslezaki.pl\/?page_id=245#primaryimage"},"thumbnailUrl":"https:\/\/szkolaslezaki.pl\/wp-content\/uploads\/2026\/02\/tablica.jpg","datePublished":"2026-02-12T10:15:42+00:00","dateModified":"2026-02-12T10:15:43+00:00","breadcrumb":{"@id":"https:\/\/szkolaslezaki.pl\/?page_id=245#breadcrumb"},"inLanguage":"pl-PL","potentialAction":[{"@type":"ReadAction","target":["https:\/\/szkolaslezaki.pl\/?page_id=245"]}]},{"@type":"ImageObject","inLanguage":"pl-PL","@id":"https:\/\/szkolaslezaki.pl\/?page_id=245#primaryimage","url":"https:\/\/szkolaslezaki.pl\/wp-content\/uploads\/2026\/02\/tablica.jpg","contentUrl":"https:\/\/szkolaslezaki.pl\/wp-content\/uploads\/2026\/02\/tablica.jpg","width":725,"height":626},{"@type":"BreadcrumbList","@id":"https:\/\/szkolaslezaki.pl\/?page_id=245#breadcrumb","itemListElement":[{"@type":"ListItem","position":1,"name":"Home","item":"https:\/\/szkolaslezaki.pl\/"},{"@type":"ListItem","position":2,"name":"Sztandar Szko\u0142y"}]},{"@type":"WebSite","@id":"https:\/\/szkolaslezaki.pl\/#website","url":"https:\/\/szkolaslezaki.pl\/","name":"","description":"","potentialAction":[{"@type":"SearchAction","target":{"@type":"EntryPoint","urlTemplate":"https:\/\/szkolaslezaki.pl\/?s={search_term_string}"},"query-input":{"@type":"PropertyValueSpecification","valueRequired":true,"valueName":"search_term_string"}}],"inLanguage":"pl-PL"}]}},"_links":{"self":[{"href":"https:\/\/szkolaslezaki.pl\/index.php?rest_route=\/wp\/v2\/pages\/245","targetHints":{"allow":["GET"]}}],"collection":[{"href":"https:\/\/szkolaslezaki.pl\/index.php?rest_route=\/wp\/v2\/pages"}],"about":[{"href":"https:\/\/szkolaslezaki.pl\/index.php?rest_route=\/wp\/v2\/types\/page"}],"author":[{"embeddable":true,"href":"https:\/\/szkolaslezaki.pl\/index.php?rest_route=\/wp\/v2\/users\/1"}],"replies":[{"embeddable":true,"href":"https:\/\/szkolaslezaki.pl\/index.php?rest_route=%2Fwp%2Fv2%2Fcomments&post=245"}],"version-history":[{"count":1,"href":"https:\/\/szkolaslezaki.pl\/index.php?rest_route=\/wp\/v2\/pages\/245\/revisions"}],"predecessor-version":[{"id":250,"href":"https:\/\/szkolaslezaki.pl\/index.php?rest_route=\/wp\/v2\/pages\/245\/revisions\/250"}],"wp:attachment":[{"href":"https:\/\/szkolaslezaki.pl\/index.php?rest_route=%2Fwp%2Fv2%2Fmedia&parent=245"}],"curies":[{"name":"wp","href":"https:\/\/api.w.org\/{rel}","templated":true}]}}