{"id":23,"date":"2026-02-12T10:35:44","date_gmt":"2026-02-12T09:35:44","guid":{"rendered":"http:\/\/szkolaslezaki.pl\/?page_id=23"},"modified":"2026-02-12T10:35:45","modified_gmt":"2026-02-12T09:35:45","slug":"przedszkole-3","status":"publish","type":"page","link":"https:\/\/szkolaslezaki.pl\/?page_id=23","title":{"rendered":"Przedszkole"},"content":{"rendered":"\n<p><strong>Przedszkole<\/strong><\/p>\n\n\n\n<p>Nasze przedszkole posiada <strong>dwa oddzia\u0142y przedszkolne \u2013 grupa m\u0142odsza i grupa starsza<\/strong>. Ka\u017cdy oddzia\u0142 przedszkolny ma estetycznie urz\u0105dzon\u0105 sal\u0119 zaj\u0119\u0107, pe\u0142ni\u0105c\u0105 tak\u017ce funkcj\u0119 sali zabaw, wyposa\u017con\u0105 w \u0142adne mebelki, r\u00f3\u017cne k\u0105ciki zabaw tematycznych, k\u0105ciki wypoczynkowe. Dzieci spo\u017cywaj\u0105 posi\u0142ki w swoich salach. W miar\u0119 mo\u017cliwo\u015bci baza zabawek i pomocy dydaktycznych jest systematycznie wzbogacana i odnawiana.<\/p>\n\n\n\n<p><strong>Sale zaj\u0119\u0107<\/strong><\/p>\n\n\n\n<div class=\"wp-block-columns is-layout-flex wp-container-core-columns-is-layout-9d6595d7 wp-block-columns-is-layout-flex\">\n<div class=\"wp-block-column is-layout-flow wp-block-column-is-layout-flow\">\n<figure class=\"wp-block-image size-large\"><img fetchpriority=\"high\" decoding=\"async\" width=\"1024\" height=\"768\" src=\"http:\/\/szkolaslezaki.pl\/wp-content\/uploads\/2026\/02\/przedszkole1-1024x768.jpg\" alt=\"\" class=\"wp-image-203\" srcset=\"https:\/\/szkolaslezaki.pl\/wp-content\/uploads\/2026\/02\/przedszkole1-1024x768.jpg 1024w, https:\/\/szkolaslezaki.pl\/wp-content\/uploads\/2026\/02\/przedszkole1-300x225.jpg 300w, https:\/\/szkolaslezaki.pl\/wp-content\/uploads\/2026\/02\/przedszkole1-768x576.jpg 768w, https:\/\/szkolaslezaki.pl\/wp-content\/uploads\/2026\/02\/przedszkole1-80x60.jpg 80w, https:\/\/szkolaslezaki.pl\/wp-content\/uploads\/2026\/02\/przedszkole1.jpg 1200w\" sizes=\"(max-width: 1024px) 100vw, 1024px\" \/><\/figure>\n\n\n\n<p>przedszkole sala du\u017ca<\/p>\n<\/div>\n\n\n\n<div class=\"wp-block-column is-layout-flow wp-block-column-is-layout-flow\">\n<figure class=\"wp-block-image size-large\"><img decoding=\"async\" width=\"1024\" height=\"766\" src=\"https:\/\/szkolaslezaki.pl\/wp-content\/uploads\/2026\/02\/przedszkole2-1024x766.jpg\" alt=\"\" class=\"wp-image-204\" srcset=\"https:\/\/szkolaslezaki.pl\/wp-content\/uploads\/2026\/02\/przedszkole2-1024x766.jpg 1024w, https:\/\/szkolaslezaki.pl\/wp-content\/uploads\/2026\/02\/przedszkole2-300x225.jpg 300w, https:\/\/szkolaslezaki.pl\/wp-content\/uploads\/2026\/02\/przedszkole2-768x575.jpg 768w, https:\/\/szkolaslezaki.pl\/wp-content\/uploads\/2026\/02\/przedszkole2-80x60.jpg 80w, https:\/\/szkolaslezaki.pl\/wp-content\/uploads\/2026\/02\/przedszkole2.jpg 1200w\" sizes=\"(max-width: 1024px) 100vw, 1024px\" \/><\/figure>\n\n\n\n<p>przedszkole sala du\u017ca<\/p>\n<\/div>\n\n\n\n<div class=\"wp-block-column is-layout-flow wp-block-column-is-layout-flow\">\n<figure class=\"wp-block-image size-large\"><img decoding=\"async\" width=\"1024\" height=\"768\" src=\"https:\/\/szkolaslezaki.pl\/wp-content\/uploads\/2026\/02\/przedszkoleM1-1024x768.jpg\" alt=\"\" class=\"wp-image-205\" srcset=\"https:\/\/szkolaslezaki.pl\/wp-content\/uploads\/2026\/02\/przedszkoleM1-1024x768.jpg 1024w, https:\/\/szkolaslezaki.pl\/wp-content\/uploads\/2026\/02\/przedszkoleM1-300x225.jpg 300w, https:\/\/szkolaslezaki.pl\/wp-content\/uploads\/2026\/02\/przedszkoleM1-768x576.jpg 768w, https:\/\/szkolaslezaki.pl\/wp-content\/uploads\/2026\/02\/przedszkoleM1-80x60.jpg 80w, https:\/\/szkolaslezaki.pl\/wp-content\/uploads\/2026\/02\/przedszkoleM1.jpg 1200w\" sizes=\"(max-width: 1024px) 100vw, 1024px\" \/><\/figure>\n\n\n\n<p>przedszkole sala ma\u0142a<\/p>\n<\/div>\n<\/div>\n\n\n\n<p><\/p>\n\n\n\n<p>W <strong>szatni<\/strong> ka\u017cde dziecko ma swoj\u0105 p\u00f3\u0142eczk\u0119 na ubrania i buty.<\/p>\n\n\n\n<p> <strong>\u0142azienkach<\/strong> mieszcz\u0105 si\u0119 cztery\u00a0nowe toalety, trzy umywalki.<\/p>\n\n\n\n<p><strong>Plac zabaw<\/strong><\/p>\n\n\n\n<div class=\"wp-block-columns is-layout-flex wp-container-core-columns-is-layout-9d6595d7 wp-block-columns-is-layout-flex\">\n<div class=\"wp-block-column is-layout-flow wp-block-column-is-layout-flow\">\n<figure class=\"wp-block-image size-full\"><img loading=\"lazy\" decoding=\"async\" width=\"960\" height=\"540\" src=\"https:\/\/szkolaslezaki.pl\/wp-content\/uploads\/2026\/02\/plac-zabaw-2.jpg\" alt=\"\" class=\"wp-image-207\" srcset=\"https:\/\/szkolaslezaki.pl\/wp-content\/uploads\/2026\/02\/plac-zabaw-2.jpg 960w, https:\/\/szkolaslezaki.pl\/wp-content\/uploads\/2026\/02\/plac-zabaw-2-300x169.jpg 300w, https:\/\/szkolaslezaki.pl\/wp-content\/uploads\/2026\/02\/plac-zabaw-2-768x432.jpg 768w\" sizes=\"(max-width: 960px) 100vw, 960px\" \/><\/figure>\n<\/div>\n\n\n\n<div class=\"wp-block-column is-layout-flow wp-block-column-is-layout-flow\">\n<figure class=\"wp-block-image size-full\"><img loading=\"lazy\" decoding=\"async\" width=\"960\" height=\"540\" src=\"https:\/\/szkolaslezaki.pl\/wp-content\/uploads\/2026\/02\/plac-zabaw-1.jpg\" alt=\"\" class=\"wp-image-208\" srcset=\"https:\/\/szkolaslezaki.pl\/wp-content\/uploads\/2026\/02\/plac-zabaw-1.jpg 960w, https:\/\/szkolaslezaki.pl\/wp-content\/uploads\/2026\/02\/plac-zabaw-1-300x169.jpg 300w, https:\/\/szkolaslezaki.pl\/wp-content\/uploads\/2026\/02\/plac-zabaw-1-768x432.jpg 768w\" sizes=\"(max-width: 960px) 100vw, 960px\" \/><\/figure>\n<\/div>\n\n\n\n<div class=\"wp-block-column is-layout-flow wp-block-column-is-layout-flow\">\n<figure class=\"wp-block-image size-full\"><img loading=\"lazy\" decoding=\"async\" width=\"960\" height=\"540\" src=\"https:\/\/szkolaslezaki.pl\/wp-content\/uploads\/2026\/02\/plac-zabaw1.jpg\" alt=\"\" class=\"wp-image-209\" srcset=\"https:\/\/szkolaslezaki.pl\/wp-content\/uploads\/2026\/02\/plac-zabaw1.jpg 960w, https:\/\/szkolaslezaki.pl\/wp-content\/uploads\/2026\/02\/plac-zabaw1-300x169.jpg 300w, https:\/\/szkolaslezaki.pl\/wp-content\/uploads\/2026\/02\/plac-zabaw1-768x432.jpg 768w\" sizes=\"(max-width: 960px) 100vw, 960px\" \/><\/figure>\n<\/div>\n<\/div>\n\n\n\n<p>Nasze przedszkolaki oraz&nbsp;najm\u0142odsi uczniowie mog\u0105 r\u00f3wnie\u017c korzysta\u0107 z nowego, atrakcyjnego <strong>placu zabaw<\/strong> posiadaj\u0105cego nowoczesne i atestowane wyposa\u017cenie: hu\u015btawki, zje\u017cd\u017calnie i karuzele. Plac zabaw powsta\u0142 dzi\u0119ki Panu Burmistrzowi Markowi Mazurowi oraz radnym Rady Miasta i Gminy Baran\u00f3w Sandomierski.<\/p>\n\n\n\n<p><\/p>\n","protected":false},"excerpt":{"rendered":"<p>Przedszkole Nasze przedszkole posiada dwa oddzia\u0142y przedszkolne \u2013 grupa m\u0142odsza i grupa starsza. Ka\u017cdy oddzia\u0142 przedszkolny ma estetycznie urz\u0105dzon\u0105 sal\u0119 zaj\u0119\u0107, pe\u0142ni\u0105c\u0105 tak\u017ce funkcj\u0119 sali zabaw, wyposa\u017con\u0105 w \u0142adne mebelki, r\u00f3\u017cne k\u0105ciki zabaw tematycznych, k\u0105ciki wypoczynkowe. Dzieci spo\u017cywaj\u0105 posi\u0142ki w swoich salach. W miar\u0119 mo\u017cliwo\u015bci baza zabawek i pomocy dydaktycznych jest systematycznie wzbogacana i odnawiana. Sale zaj\u0119\u0107 przedszkole sala du\u017ca [&hellip;]<\/p>\n","protected":false},"author":1,"featured_media":0,"parent":0,"menu_order":0,"comment_status":"closed","ping_status":"closed","template":"","meta":{"footnotes":""},"class_list":["post-23","page","type-page","status-publish","hentry"],"yoast_head":"<!-- This site is optimized with the Yoast SEO plugin v26.6 - https:\/\/yoast.com\/wordpress\/plugins\/seo\/ -->\n<title>Przedszkole -<\/title>\n<meta name=\"robots\" content=\"index, follow, max-snippet:-1, max-image-preview:large, max-video-preview:-1\" \/>\n<link rel=\"canonical\" href=\"https:\/\/szkolaslezaki.pl\/?page_id=23\" \/>\n<meta property=\"og:locale\" content=\"pl_PL\" \/>\n<meta property=\"og:type\" content=\"article\" \/>\n<meta property=\"og:title\" content=\"Przedszkole -\" \/>\n<meta property=\"og:description\" content=\"Przedszkole Nasze przedszkole posiada dwa oddzia\u0142y przedszkolne \u2013 grupa m\u0142odsza i grupa starsza. Ka\u017cdy oddzia\u0142 przedszkolny ma estetycznie urz\u0105dzon\u0105 sal\u0119 zaj\u0119\u0107, pe\u0142ni\u0105c\u0105 tak\u017ce funkcj\u0119 sali zabaw, wyposa\u017con\u0105 w \u0142adne mebelki, r\u00f3\u017cne k\u0105ciki zabaw tematycznych, k\u0105ciki wypoczynkowe. Dzieci spo\u017cywaj\u0105 posi\u0142ki w swoich salach. W miar\u0119 mo\u017cliwo\u015bci baza zabawek i pomocy dydaktycznych jest systematycznie wzbogacana i odnawiana. Sale zaj\u0119\u0107 przedszkole sala du\u017ca [&hellip;]\" \/>\n<meta property=\"og:url\" content=\"https:\/\/szkolaslezaki.pl\/?page_id=23\" \/>\n<meta property=\"article:modified_time\" content=\"2026-02-12T09:35:45+00:00\" \/>\n<meta property=\"og:image\" content=\"http:\/\/szkolaslezaki.pl\/wp-content\/uploads\/2026\/02\/przedszkole1-1024x768.jpg\" \/>\n<meta name=\"twitter:card\" content=\"summary_large_image\" \/>\n<meta name=\"twitter:label1\" content=\"Szacowany czas czytania\" \/>\n\t<meta name=\"twitter:data1\" content=\"2 minuty\" \/>\n<script type=\"application\/ld+json\" class=\"yoast-schema-graph\">{\"@context\":\"https:\/\/schema.org\",\"@graph\":[{\"@type\":\"WebPage\",\"@id\":\"https:\/\/szkolaslezaki.pl\/?page_id=23\",\"url\":\"https:\/\/szkolaslezaki.pl\/?page_id=23\",\"name\":\"Przedszkole -\",\"isPartOf\":{\"@id\":\"https:\/\/szkolaslezaki.pl\/#website\"},\"primaryImageOfPage\":{\"@id\":\"https:\/\/szkolaslezaki.pl\/?page_id=23#primaryimage\"},\"image\":{\"@id\":\"https:\/\/szkolaslezaki.pl\/?page_id=23#primaryimage\"},\"thumbnailUrl\":\"http:\/\/szkolaslezaki.pl\/wp-content\/uploads\/2026\/02\/przedszkole1-1024x768.jpg\",\"datePublished\":\"2026-02-12T09:35:44+00:00\",\"dateModified\":\"2026-02-12T09:35:45+00:00\",\"breadcrumb\":{\"@id\":\"https:\/\/szkolaslezaki.pl\/?page_id=23#breadcrumb\"},\"inLanguage\":\"pl-PL\",\"potentialAction\":[{\"@type\":\"ReadAction\",\"target\":[\"https:\/\/szkolaslezaki.pl\/?page_id=23\"]}]},{\"@type\":\"ImageObject\",\"inLanguage\":\"pl-PL\",\"@id\":\"https:\/\/szkolaslezaki.pl\/?page_id=23#primaryimage\",\"url\":\"https:\/\/szkolaslezaki.pl\/wp-content\/uploads\/2026\/02\/przedszkole1.jpg\",\"contentUrl\":\"https:\/\/szkolaslezaki.pl\/wp-content\/uploads\/2026\/02\/przedszkole1.jpg\",\"width\":1200,\"height\":900},{\"@type\":\"BreadcrumbList\",\"@id\":\"https:\/\/szkolaslezaki.pl\/?page_id=23#breadcrumb\",\"itemListElement\":[{\"@type\":\"ListItem\",\"position\":1,\"name\":\"Home\",\"item\":\"https:\/\/szkolaslezaki.pl\/\"},{\"@type\":\"ListItem\",\"position\":2,\"name\":\"Przedszkole\"}]},{\"@type\":\"WebSite\",\"@id\":\"https:\/\/szkolaslezaki.pl\/#website\",\"url\":\"https:\/\/szkolaslezaki.pl\/\",\"name\":\"\",\"description\":\"\",\"potentialAction\":[{\"@type\":\"SearchAction\",\"target\":{\"@type\":\"EntryPoint\",\"urlTemplate\":\"https:\/\/szkolaslezaki.pl\/?s={search_term_string}\"},\"query-input\":{\"@type\":\"PropertyValueSpecification\",\"valueRequired\":true,\"valueName\":\"search_term_string\"}}],\"inLanguage\":\"pl-PL\"}]}<\/script>\n<!-- \/ Yoast SEO plugin. -->","yoast_head_json":{"title":"Przedszkole -","robots":{"index":"index","follow":"follow","max-snippet":"max-snippet:-1","max-image-preview":"max-image-preview:large","max-video-preview":"max-video-preview:-1"},"canonical":"https:\/\/szkolaslezaki.pl\/?page_id=23","og_locale":"pl_PL","og_type":"article","og_title":"Przedszkole -","og_description":"Przedszkole Nasze przedszkole posiada dwa oddzia\u0142y przedszkolne \u2013 grupa m\u0142odsza i grupa starsza. Ka\u017cdy oddzia\u0142 przedszkolny ma estetycznie urz\u0105dzon\u0105 sal\u0119 zaj\u0119\u0107, pe\u0142ni\u0105c\u0105 tak\u017ce funkcj\u0119 sali zabaw, wyposa\u017con\u0105 w \u0142adne mebelki, r\u00f3\u017cne k\u0105ciki zabaw tematycznych, k\u0105ciki wypoczynkowe. Dzieci spo\u017cywaj\u0105 posi\u0142ki w swoich salach. W miar\u0119 mo\u017cliwo\u015bci baza zabawek i pomocy dydaktycznych jest systematycznie wzbogacana i odnawiana. Sale zaj\u0119\u0107 przedszkole sala du\u017ca [&hellip;]","og_url":"https:\/\/szkolaslezaki.pl\/?page_id=23","article_modified_time":"2026-02-12T09:35:45+00:00","og_image":[{"url":"http:\/\/szkolaslezaki.pl\/wp-content\/uploads\/2026\/02\/przedszkole1-1024x768.jpg","type":"","width":"","height":""}],"twitter_card":"summary_large_image","twitter_misc":{"Szacowany czas czytania":"2 minuty"},"schema":{"@context":"https:\/\/schema.org","@graph":[{"@type":"WebPage","@id":"https:\/\/szkolaslezaki.pl\/?page_id=23","url":"https:\/\/szkolaslezaki.pl\/?page_id=23","name":"Przedszkole -","isPartOf":{"@id":"https:\/\/szkolaslezaki.pl\/#website"},"primaryImageOfPage":{"@id":"https:\/\/szkolaslezaki.pl\/?page_id=23#primaryimage"},"image":{"@id":"https:\/\/szkolaslezaki.pl\/?page_id=23#primaryimage"},"thumbnailUrl":"http:\/\/szkolaslezaki.pl\/wp-content\/uploads\/2026\/02\/przedszkole1-1024x768.jpg","datePublished":"2026-02-12T09:35:44+00:00","dateModified":"2026-02-12T09:35:45+00:00","breadcrumb":{"@id":"https:\/\/szkolaslezaki.pl\/?page_id=23#breadcrumb"},"inLanguage":"pl-PL","potentialAction":[{"@type":"ReadAction","target":["https:\/\/szkolaslezaki.pl\/?page_id=23"]}]},{"@type":"ImageObject","inLanguage":"pl-PL","@id":"https:\/\/szkolaslezaki.pl\/?page_id=23#primaryimage","url":"https:\/\/szkolaslezaki.pl\/wp-content\/uploads\/2026\/02\/przedszkole1.jpg","contentUrl":"https:\/\/szkolaslezaki.pl\/wp-content\/uploads\/2026\/02\/przedszkole1.jpg","width":1200,"height":900},{"@type":"BreadcrumbList","@id":"https:\/\/szkolaslezaki.pl\/?page_id=23#breadcrumb","itemListElement":[{"@type":"ListItem","position":1,"name":"Home","item":"https:\/\/szkolaslezaki.pl\/"},{"@type":"ListItem","position":2,"name":"Przedszkole"}]},{"@type":"WebSite","@id":"https:\/\/szkolaslezaki.pl\/#website","url":"https:\/\/szkolaslezaki.pl\/","name":"","description":"","potentialAction":[{"@type":"SearchAction","target":{"@type":"EntryPoint","urlTemplate":"https:\/\/szkolaslezaki.pl\/?s={search_term_string}"},"query-input":{"@type":"PropertyValueSpecification","valueRequired":true,"valueName":"search_term_string"}}],"inLanguage":"pl-PL"}]}},"_links":{"self":[{"href":"https:\/\/szkolaslezaki.pl\/index.php?rest_route=\/wp\/v2\/pages\/23","targetHints":{"allow":["GET"]}}],"collection":[{"href":"https:\/\/szkolaslezaki.pl\/index.php?rest_route=\/wp\/v2\/pages"}],"about":[{"href":"https:\/\/szkolaslezaki.pl\/index.php?rest_route=\/wp\/v2\/types\/page"}],"author":[{"embeddable":true,"href":"https:\/\/szkolaslezaki.pl\/index.php?rest_route=\/wp\/v2\/users\/1"}],"replies":[{"embeddable":true,"href":"https:\/\/szkolaslezaki.pl\/index.php?rest_route=%2Fwp%2Fv2%2Fcomments&post=23"}],"version-history":[{"count":2,"href":"https:\/\/szkolaslezaki.pl\/index.php?rest_route=\/wp\/v2\/pages\/23\/revisions"}],"predecessor-version":[{"id":211,"href":"https:\/\/szkolaslezaki.pl\/index.php?rest_route=\/wp\/v2\/pages\/23\/revisions\/211"}],"wp:attachment":[{"href":"https:\/\/szkolaslezaki.pl\/index.php?rest_route=%2Fwp%2Fv2%2Fmedia&parent=23"}],"curies":[{"name":"wp","href":"https:\/\/api.w.org\/{rel}","templated":true}]}}