{"id":168,"date":"2026-02-12T08:39:14","date_gmt":"2026-02-12T07:39:14","guid":{"rendered":"https:\/\/szkolaslezaki.pl\/?page_id=168"},"modified":"2026-02-12T08:39:15","modified_gmt":"2026-02-12T07:39:15","slug":"historia","status":"publish","type":"page","link":"https:\/\/szkolaslezaki.pl\/?page_id=168","title":{"rendered":"Historia"},"content":{"rendered":"\n<h2 class=\"wp-block-heading\" style=\"font-size:38px;line-height:1.4\">Historia Szko\u0142y Podstawowej w \u015al\u0119zakach<\/h2>\n\n\n\n<div class=\"wp-block-columns is-layout-flex wp-container-core-columns-is-layout-9d6595d7 wp-block-columns-is-layout-flex\">\n<div class=\"wp-block-column is-layout-flow wp-block-column-is-layout-flow\">\n<p><strong>\u00a0<\/strong>\u00a0\u00a0\u00a0\u00a0 \u201eSzko\u0142a w tutejszej gminie istnia\u0142a ju\u017c od roku 1874. Kiedy za staraniem pani baronowej Beist, zamieszka\u0142ej w Chmielowie, wystawiono ko\u015bci\u00f3\u0142 w D\u0105browicy, ka\u017cdorazowy organista mia\u0142 obowi\u0105zek uczy\u0107 dzieci i by\u0107 pisarzem w gminie. Nauka ta odbywa\u0142a si\u0119 w wynaj\u0119tej chacie, zwykle w porze zimowej\u201d.<br>\u00a0\u00a0\u00a0\u00a0 W 1886 roku zakupiono w lasach Ja\u015bnie Wielmo\u017cnego Hrabiego Jana Tarnowskiego z Dzikowa drzewo na budow\u0119 szko\u0142y. W 1887 roku zako\u0144czono budow\u0119 szko\u0142y o jednej Sali naukowej i mieszkaniu nauczyciela. Pierwszym nauczycielem by\u0142 Wojciech \u017beglicki (1887 \u2013 1889). Po nim obj\u0105\u0142 posad\u0119 Ignacy Krogulski (1889 \u2013 1906), kt\u00f3rego staraniem w roku 1895, za poparciem \u00f3wczesnego w\u0142a\u015bciciela d\u00f3br, Jana Griesswalda wybudowano drug\u0105 sal\u0119 z pokojem dla drugiej si\u0142y nauczycielskiej. Dzieci wci\u0105\u017c przybywa\u0142o i w roku 1905 wygospodarowano trzeci\u0105 salk\u0119 lekcyjn\u0105 i przyj\u0119to trzeci\u0105 si\u0142 nauczycielsk\u0105. Po Ignacym Krogulskim obowi\u0105zki kierownika szko\u0142y obj\u0105\u0142 Eugeniusz Sikora (1907 \u2013 1924). W 1909 roku szko\u0142\u0119 ogrodzono p\u0142otem.<br>\u00a0\u00a0\u00a0\u00a0 W 1912 roku wybudowano salk\u0119 lekcyjn\u0105 w Kaczakach, w kt\u00f3rej uczy\u0142y si\u0119 dzieci ze wsi Kaczaki<br>W okresie I wojny \u015bwiatowej w szkole pozosta\u0142 tylko kierownik Eugeniusz Sikora dzi\u0119ki czemu uratowa\u0142 akta i sprz\u0119ty szkolne oraz budynek od zniszczenia. W czasie, w kt\u00f3rym budynek nie by\u0142 zaj\u0119ty przez wojska prowadzi\u0142 on w szkole zaj\u0119cia. Dzieci ucz\u0119szcza\u0142y do szko\u0142y tylko zim\u0105, gdy\u017c w lecie pomaga\u0142y rodzicom w pracach polowych. Jesieni\u0105 zbiera\u0142y li\u015bcie je\u017cyny i bor\u00f3wki na herbat\u0119 dla wojska.<br>\u00a0\u00a0\u00a0\u00a0 Przez tutejsz\u0105 miejscowo\u015b\u0107 odbywa\u0142 si\u0119 g\u0142\u00f3wny przemarsz wojsk austriackich i rosyjskich. W budynku szko\u0142y by\u0142 zawsze oddzia\u0142 telegraficzny i telefoniczny. Trzy razy stacjonowa\u0142y wojska austriackie, dwa razy rosyjskie.<br>\u00a0\u00a0\u00a0\u00a0 Okres wojny by\u0142 bardzo ci\u0119\u017cki dla mieszka\u0144c\u00f3w tej gromady. Nawiedzi\u0142y ten teren kl\u0119ski \u017cywio\u0142owe \u2013 \u201egrad wielko\u015bci g\u0119sich jaj, pow\u00f3d\u017a, susza\u201d co powodowa\u0142, \u017ce mieszka\u0144cy wsi \u017cyli w n\u0119dzy i g\u0142odzie.<br>\u00a0 \u00a0 \u00a0 \u00a0W 1924 roku umiera nagle kierownik Eugeniusz Sikora (pochowany zosta\u0142 na cmentarzu w \u015al\u0119zakach).<br>\u00a0 \u00a0 \u00a0 \u00a0W 1924 roku Kuratorium Okr\u0119gu Szkolnego Lwowskiego przekszta\u0142ci\u0142o dwuklasow\u0105 szko\u0142\u0119 powszechn\u0105 w trzyklasow\u0105 z nauczycielem kieruj\u0105cym, kt\u00f3rym zosta\u0142 Leopold Penc z dwoma nauczycielami sta\u0142ymi.<br>\u00a0 \u00a0 \u00a0 \u00a0W 1928 roku za\u0142o\u017cona zosta\u0142a szkolna kasa oszcz\u0119dno\u015bci.<br>\u00a0 \u00a0 \u00a0 \u00a016 listopada 1934 roku szko\u0142a rozpocz\u0119\u0142a organizowa\u0107 kursy wieczorowe o\u015bwiaty pozaszkolnej. Na pierwszy rzut zapisa\u0142o si\u0119 20 s\u0142uchaczy w wieku 14 \u2013 20 lat: 8 m\u0119\u017cczyzn i 12 dziewcz\u0105t.<br>\u00a0 \u00a0 \u00a0 W zwi\u0105zku z tym, \u017ce dzieci w szkole przybywa\u0142o (w 1936 roku zapisanych by\u0142o 370, a na rok 1939 w spisach widnia\u0142o oko\u0142o 500 dzieci) podj\u0119to decyzj\u0119 o budowie drugiej szko\u0142y w D\u0105browicy. 12 grudnia 1938 roku odby\u0142o si\u0119 komisyjne badanie gruntu pod budow\u0119 nowej szko\u0142y. Po badaniu stwierdzono, \u017ce opisany grunt pod wzgl\u0119dem po\u0142o\u017cenia i warto\u015bciowo\u015bci odpowiada warunkom wymaganym pod budow\u0119 szko\u0142y. Niestety wybuch wojny zniweczy\u0142 plany budowy.<br>\u00a0 \u00a0 \u00a0Od roku 1939 \u2013 1943 w kronice szko\u0142y zosta\u0142y nie zapisane czyste karty.<br>\u00a0 \u00a0 \u00a0W 1943 roku zapisanych do szko\u0142y by\u0142o 426 dzieci (w obowi\u0105zku szkolnym 504), poczyniono starania i zorganizowano pe\u0142n\u0105 7 klasow\u0105 szko\u0142\u0119 podstawow\u0105.<br>\u00a0 \u00a0 Dzieci uczy\u0142y si\u0119, jak m\u00f3wi kronika \u201ew ciasnym, wypr\u00f3chnia\u0142ym, wal\u0105cym si\u0119 budynku szkolnym\u201d. Z powodu ciasnoty w szkole, cz\u0119\u015b\u0107 uczni\u00f3w uczy\u0142a si\u0119 w Domu Ludowym (wybudowanym w 1937 roku) oraz w wynaj\u0119tych pomieszczeniach.<br>\u00a0 \u00a0Warunki nauczania by\u0142y bardzo z\u0142e, brakowa\u0142o podstawowego sprz\u0119tu szkolnego. N\u0119dza, g\u0142\u00f3d, zacofanie powodowa\u0142y, \u017ce do szko\u0142y ucz\u0119szcza\u0142o tylko 40% dzieci obj\u0119tych obowi\u0105zkiem szkolnym. W 1945 roku staraniem kierownictwa szko\u0142y zorganizowano kurs o\u015bwiatowy dla m\u0142odzie\u017cy doros\u0142ej, na kt\u00f3ry zapisa\u0142o si\u0119 70 os\u00f3b. Po zdaniu egzaminu przed komisj\u0105 m\u0142odzie\u017c otrzyma\u0142a \u015bwiadectwa r\u00f3wnoznaczne z uko\u0144czeniem klasy VII szko\u0142y podstawowej.<br>\u00a0 \u00a0 20 wrze\u015bnia 1946 roku na zebraniu obywateli podj\u0119to uchwa\u0142\u0119 o przeprowadzeniu elektryfikacji gromady. Przewodnicz\u0105cym komitetu elektryfikacyjnego zosta\u0142 Piotr Stawowy. Szko\u0142a zosta\u0142a zelektryfikowana w 1948 roku, a \u201e31 lipca 1949 roku otrzyma\u0142a aparat radiowy o sze\u015bciu lampach\u201d.<br>\u00a0 \u00a0 \u00a0Z powodu du\u017cej ilo\u015bci dzieci zapisanych do szko\u0142y cz\u0119\u015b\u0107 dzieci uczy\u0142a si\u0119 stale w wynaj\u0119tych pomieszczeniach.<br>\u00a0 \u00a0Dnia 2 lipca 1950 roku zosta\u0142 po\u015bwi\u0119cony kamie\u0144 w\u0119gielny pod now\u0105 szko\u0142\u0119 w D\u0105browicy. W stosunku do ilo\u015bci dzieci w okresie powojennym bardzo \u017ale przedstawia\u0142 si\u0119 stan kadry nauczycielskiej: 5 \u2013 6 nauczycieli uczy\u0142o ponad 400 dzieci.<br>\u00a0 \u00a0 W 1955 roku dotychczasowy kierownik szko\u0142y \u201eLeopold Penc przeszed\u0142 w stan poza s\u0142u\u017cbowy, a na jego miejsce zosta\u0142 mianowany Izydor Szmer\u201d.<br>\u00a0 \u00a0 W 1958 roku zosta\u0142 za\u0142o\u017cony Komitet Budowy Szko\u0142y Podstawowej w \u015al\u0119zakach, kt\u00f3rego przewodnicz\u0105cym zosta\u0142 W\u0142adys\u0142aw Bojda.<br>\u00a0 \u00a0Materia\u0142 na budow\u0119 szko\u0142y zosta\u0142 cz\u0119\u015bciowo pozyskany z rozbi\u00f3rki gorzelni w J\u00f3zefowie. W miesi\u0105cu pa\u017adzierniku 1958 roku, po zatwierdzeniu plan\u00f3w, rozpocz\u0119to budow\u0119 nowej szko\u0142y w \u015al\u0119zakach.<br>\u00a0 \u00a0 3 wrze\u015bnia 1962 roku, rok szkolny rozpocz\u0119to w nowej, pi\u0119knej szkole.\u00a0<br>Sk\u0142ad grona nauczycielskiego:<\/p>\n\n\n\n<ul class=\"wp-block-list\">\n<li>kierownik: Izydor Szmer,<\/li>\n\n\n\n<li>nauczyciele:\u00a0 J\u00f3zef Domaga\u0142a, Maria Gr\u0119bowiec, Emilia \u0141\u0105cz, Maria Moryl, Danuta Pasek, W\u0142adys\u0142aw Pasek, Kazimiera Uzar.<\/li>\n<\/ul>\n\n\n\n<p>&nbsp;&nbsp;&nbsp;&nbsp; Od 1 wrze\u015bnia 1964 roku zosta\u0142a uruchomiona filia w Markach. Nauczycielk\u0105 by\u0142a Emilia \u015aredniawska.<br>&nbsp; &nbsp;3 listopada 1965 roku w Szkole Podstawowej w \u015al\u0119zakach rozpocz\u0119\u0142y si\u0119 zaj\u0119cia Szko\u0142y Przysposobienia Rolniczego. Odby\u0142a si\u0119 tutaj wojew\u00f3dzka inauguracja nowego roku szkolnego dla Szk\u00f3\u0142 Przysposobienia Rolniczego.<br>&nbsp; &nbsp; &nbsp; Od 1 wrze\u015bnia 1981 roku stanowisko dyrektora Szko\u0142y Podstawowej w \u015al\u0119zakach obj\u0105\u0142 Pan Jan Rzepa, a w 1983 roku stanowisko obj\u0119\u0142a Pani Emilia Madej, kt\u00f3ra funkcj\u0119 dyrektora pe\u0142ni\u0142a 8 lat. W 1991 roku dyrektorem szko\u0142y zosta\u0142a nauczycielka Szko\u0142y Podstawowej w \u015al\u0119zakach Pani Anna Hynowska.<br>&nbsp;&nbsp;&nbsp;&nbsp; W 1992 roku szko\u0142a uroczy\u015bcie obchodzi\u0142a 30 \u2013 lecie powstania. W czasie tej uroczysto\u015bci szko\u0142a zosta\u0142a po\u015bwi\u0119cona przez \u00f3wczesnego proboszcza, ksi\u0119dza Zygmunta Wawrzyszko.<br>&nbsp;&nbsp;&nbsp;&nbsp; Od 1 stycznia 1996 roku organem prowadz\u0105cym szko\u0142\u0119 jest Urz\u0105d Miasta i Gminy w Baranowie Sandomierskim, a organem nadzoruj\u0105cym Kuratorium O\u015bwiaty w Rzeszowie.<br>&nbsp;&nbsp;&nbsp;&nbsp; Reforma Edukacji w 1999 roku zlikwidowa\u0142a o\u015bmioklasowe szko\u0142y podstawowe. Z dniem 1 wrze\u015bnia 1999 roku powsta\u0142y sze\u015bcioklasowe szko\u0142y podstawowe, trzyletnie gimnazja oraz trzyletnie i czteroletnie szko\u0142y ponadgimnazjalne ko\u0144cz\u0105ce si\u0119 matur\u0105.&nbsp;<br>&nbsp;&nbsp;&nbsp;&nbsp; Decyzj\u0105 Rady Miejskiej w Gminie Baran\u00f3w Sandomierski powo\u0142ano cztery gimnazja. Jedno z nich powsta\u0142o w \u015al\u0119zakach (Uchwa\u0142a Nr VII\/45\/99 Rady Miejskiej w Baranowie Sandomierskim z dnia 25 marca 1999r.) Od kwietnia 1999 roku rozpocz\u0119\u0142y si\u0119&nbsp;prace przygotowuj\u0105ce do rozpocz\u0119cia nowego roku szkolnego w nowo powo\u0142anym gimnazjum. Prace te koordynowa\u0142 Pan Jacek Ro\u017cek dotychczasowy nauczyciel matematyki w szkole podstawowej, a od 1 wrze\u015bnia 1999 roku powo\u0142any zosta\u0142 na stanowisko Dyrektora Publicznego Gimnazjum w \u015al\u0119zakach. Na potrzeby gimnazjum przekazano trzy sale lekcyjne na parterze szko\u0142y. Wsp\u00f3lna by\u0142a sala gimna-styczna, biblioteka z czytelni\u0105 i kuchnia. 1 wrze\u015bnia 1999 roku w Publicznym Gimnazjum w \u015al\u0119zakach rozpocz\u0119\u0142o nauk\u0119 58 uczni\u00f3w w trzech oddzia\u0142ach. Nauk\u0119 prowadzi\u0142o 12 nauczycieli, wszyscy z wy\u017cszym wykszta\u0142ceniem.<br>&nbsp; &nbsp; &nbsp; &nbsp;W szkole podstawowej w roku szkolnym 1999\/2000 uczy\u0142a si\u0119 jeszcze klasa si\u00f3dma i \u00f3sma, a w 2000\/2001 tylko klasa \u00f3sma<br>&nbsp;&nbsp;&nbsp;&nbsp; 28 maja 2002 r. Publiczna Szko\u0142a Podstawowa otrzyma\u0142a imi\u0119 Kardyna\u0142a Stefana Wyszy\u0144skiego oraz sztandar ufundowany przez nauczycieli. 1 wrze\u015bnia 2003 roku Uchwa\u0142\u0105 Nr VIII\/41\/2003 Rady Miejskiej w Baranowie Sandomierskim z dnia 26.04.2003 r. utworzono Zesp\u00f3\u0142 Szko\u0142a Podstawowa i Przedszkole w \u015al\u0119zakach w sk\u0142ad, kt\u00f3rego wesz\u0142y Publiczna Szko\u0142a Podstawowa im. Kardyna\u0142a Stefana Wyszy\u0144skiego oraz Publiczne Przedszkole.&nbsp;<br>&nbsp; &nbsp; &nbsp; &nbsp;17 pa\u017adziernika 2003 roku Publiczne Gimnazjum otrzyma\u0142o imi\u0119 Jana Paw\u0142a II.<br>&nbsp; &nbsp; Od 1 wrze\u015bnia 2005 roku po reorganizacji plac\u00f3wek o\u015bwiatowych w gminie Publiczne Gimnazjum zosta\u0142o w\u0142\u0105czone do istniej\u0105cego Zespo\u0142u. Plac\u00f3wka otrzyma\u0142a nazw\u0119 Zesp\u00f3\u0142 Szkolno \u2013 Przedszkolny w \u015al\u0119zakach. Dyrektorem Zespo\u0142u zosta\u0142a Pani Anna Hynowska dotychczasowy dyrektor Zespo\u0142u.<br>&nbsp;&nbsp;&nbsp;&nbsp; Zesp\u00f3\u0142 Szkolno \u2013 Przedszkolny funkcjonuje w takiej formie do dnia dzisiejszego.<br>&nbsp; &nbsp;31 sierpnia 2017 roku z prac\u0105 w Zespole Szkolno-Przedszkolnym w \u015al\u0119zakach po\u017cegna\u0142a si\u0119 Pani Dyrektor Anna Hynowska odchodz\u0105c na zas\u0142u\u017con\u0105 emerytur\u0119. Swoj\u0105 przygod\u0119 pedagogiczn\u0105 w naszej szkole rozpocz\u0119\u0142a 37 lat temu. Ten czas wype\u0142ni\u0142a ci\u0119\u017ck\u0105 prac\u0105, podejmuj\u0105c trudy i wyzwania stawiane szkolnictwu. Ciep\u0142a i empatyczna zawsze wys\u0142ucha\u0142a i&nbsp; pomog\u0142a znale\u017a\u0107 rozwi\u0105zanie. Nastawiona na dobro drugiego cz\u0142owieka potrafi\u0142a zrozumie\u0107 problemy napotyka na drodze przez uczni\u00f3w, nauczycieli, rodzic\u00f3w, czy innych, kt\u00f3rzy szukali u niej wsparcia i pomocy. Przez swoj\u0105 wieloletni\u0105 oddan\u0105 prac\u0119 w szkole zapisuje si\u0119 dzi\u015b w pami\u0119ci uczni\u00f3w niejednego pokolenia.<br>&nbsp; &nbsp; 1 wrze\u015bnia 2017 roku Dyrektorem Zespo\u0142u Szkolno-Przedszkolnego zosta\u0142 p. Jacek Ro\u017cek, dotychczasowy nauczyciel matematyki w Zespole.<br>&nbsp; &nbsp;Decyzj\u0105 Rady Miejskiej w Gminie Baran\u00f3w Sandomierski (Uchwa\u0142a Nr XLV\/376\/17 Rada Miejska w Baranowie Sandomierskim z dnia 9 listopada 2017 roku) w wyniku reformy o\u015bwiatowej przekszta\u0142cono dotychczasow\u0105 sze\u015bcioletni\u0105 Szko\u0142\u0119 Podstawow\u0105 w o\u015bmioletni\u0105 Szko\u0142\u0119 Podstawow\u0105 im. Kardyna\u0142a Stefana Wyszy\u0144skiego wchodz\u0105c\u0105 w sk\u0142ad Zespo\u0142u Szkolno-Przedszkolnego w \u015al\u0119zakach, kt\u00f3rej Dyrektorem zosta\u0142 Pan Jacek Ro\u017cek. Przez najbli\u017csze dwa lata funkcjonuje ona jako Szko\u0142a Podstawowa z klasami gimnazjalnymi. W zwi\u0105zku z obj\u0119ciem przez dotychczasowego Dyrektora Pana Jacka Ro\u017cka stanowiska wicestarosty powiatu tarnobrzeskiego, od 21 listopada 2018 roku pe\u0142ni\u0105c\u0105 obowi\u0105zki Dyrektora zosta\u0142a Pani Agata Stawiarska.<br>&nbsp; &nbsp;2 wrze\u015bnia 2019 roku Pan Marek Mazur, Burmistrz Miasta i Gminy Baran\u00f3w Sandomierski, podczas uroczystego rozpocz\u0119cia roku szkolnego 2019\/2020 odczyta\u0142 akt powierzenia stanowiska Dyrektora Zespo\u0142u Szko\u0142no-Przedszkolnego w \u015al\u0119zakach Pani Agacie Stawiarskiej.&nbsp;<\/p>\n\n\n\n<p style=\"font-size:18px\"><\/p>\n<\/div>\n<\/div>\n\n\n\n<p><\/p>\n","protected":false},"excerpt":{"rendered":"<p>Historia Szko\u0142y Podstawowej w \u015al\u0119zakach \u00a0\u00a0\u00a0\u00a0\u00a0 \u201eSzko\u0142a w tutejszej gminie istnia\u0142a ju\u017c od roku 1874. Kiedy za staraniem pani baronowej Beist, zamieszka\u0142ej w Chmielowie, wystawiono ko\u015bci\u00f3\u0142 w D\u0105browicy, ka\u017cdorazowy organista mia\u0142 obowi\u0105zek uczy\u0107 dzieci i by\u0107 pisarzem w gminie. Nauka ta odbywa\u0142a si\u0119 w wynaj\u0119tej chacie, zwykle w porze zimowej\u201d.\u00a0\u00a0\u00a0\u00a0 W 1886 roku zakupiono w lasach Ja\u015bnie Wielmo\u017cnego Hrabiego Jana [&hellip;]<\/p>\n","protected":false},"author":1,"featured_media":0,"parent":0,"menu_order":0,"comment_status":"closed","ping_status":"closed","template":"","meta":{"footnotes":""},"class_list":["post-168","page","type-page","status-publish","hentry"],"yoast_head":"<!-- This site is optimized with the Yoast SEO plugin v26.6 - https:\/\/yoast.com\/wordpress\/plugins\/seo\/ -->\n<title>Historia -<\/title>\n<meta name=\"robots\" content=\"index, follow, max-snippet:-1, max-image-preview:large, max-video-preview:-1\" \/>\n<link rel=\"canonical\" href=\"https:\/\/szkolaslezaki.pl\/?page_id=168\" \/>\n<meta property=\"og:locale\" content=\"pl_PL\" \/>\n<meta property=\"og:type\" content=\"article\" \/>\n<meta property=\"og:title\" content=\"Historia -\" \/>\n<meta property=\"og:description\" content=\"Historia Szko\u0142y Podstawowej w \u015al\u0119zakach \u00a0\u00a0\u00a0\u00a0\u00a0 \u201eSzko\u0142a w tutejszej gminie istnia\u0142a ju\u017c od roku 1874. Kiedy za staraniem pani baronowej Beist, zamieszka\u0142ej w Chmielowie, wystawiono ko\u015bci\u00f3\u0142 w D\u0105browicy, ka\u017cdorazowy organista mia\u0142 obowi\u0105zek uczy\u0107 dzieci i by\u0107 pisarzem w gminie. Nauka ta odbywa\u0142a si\u0119 w wynaj\u0119tej chacie, zwykle w porze zimowej\u201d.\u00a0\u00a0\u00a0\u00a0 W 1886 roku zakupiono w lasach Ja\u015bnie Wielmo\u017cnego Hrabiego Jana [&hellip;]\" \/>\n<meta property=\"og:url\" content=\"https:\/\/szkolaslezaki.pl\/?page_id=168\" \/>\n<meta property=\"article:modified_time\" content=\"2026-02-12T07:39:15+00:00\" \/>\n<meta name=\"twitter:card\" content=\"summary_large_image\" \/>\n<meta name=\"twitter:label1\" content=\"Szacowany czas czytania\" \/>\n\t<meta name=\"twitter:data1\" content=\"9 minut\" \/>\n<script type=\"application\/ld+json\" class=\"yoast-schema-graph\">{\"@context\":\"https:\/\/schema.org\",\"@graph\":[{\"@type\":\"WebPage\",\"@id\":\"https:\/\/szkolaslezaki.pl\/?page_id=168\",\"url\":\"https:\/\/szkolaslezaki.pl\/?page_id=168\",\"name\":\"Historia -\",\"isPartOf\":{\"@id\":\"https:\/\/szkolaslezaki.pl\/#website\"},\"datePublished\":\"2026-02-12T07:39:14+00:00\",\"dateModified\":\"2026-02-12T07:39:15+00:00\",\"breadcrumb\":{\"@id\":\"https:\/\/szkolaslezaki.pl\/?page_id=168#breadcrumb\"},\"inLanguage\":\"pl-PL\",\"potentialAction\":[{\"@type\":\"ReadAction\",\"target\":[\"https:\/\/szkolaslezaki.pl\/?page_id=168\"]}]},{\"@type\":\"BreadcrumbList\",\"@id\":\"https:\/\/szkolaslezaki.pl\/?page_id=168#breadcrumb\",\"itemListElement\":[{\"@type\":\"ListItem\",\"position\":1,\"name\":\"Home\",\"item\":\"https:\/\/szkolaslezaki.pl\/\"},{\"@type\":\"ListItem\",\"position\":2,\"name\":\"Historia\"}]},{\"@type\":\"WebSite\",\"@id\":\"https:\/\/szkolaslezaki.pl\/#website\",\"url\":\"https:\/\/szkolaslezaki.pl\/\",\"name\":\"\",\"description\":\"\",\"potentialAction\":[{\"@type\":\"SearchAction\",\"target\":{\"@type\":\"EntryPoint\",\"urlTemplate\":\"https:\/\/szkolaslezaki.pl\/?s={search_term_string}\"},\"query-input\":{\"@type\":\"PropertyValueSpecification\",\"valueRequired\":true,\"valueName\":\"search_term_string\"}}],\"inLanguage\":\"pl-PL\"}]}<\/script>\n<!-- \/ Yoast SEO plugin. -->","yoast_head_json":{"title":"Historia -","robots":{"index":"index","follow":"follow","max-snippet":"max-snippet:-1","max-image-preview":"max-image-preview:large","max-video-preview":"max-video-preview:-1"},"canonical":"https:\/\/szkolaslezaki.pl\/?page_id=168","og_locale":"pl_PL","og_type":"article","og_title":"Historia -","og_description":"Historia Szko\u0142y Podstawowej w \u015al\u0119zakach \u00a0\u00a0\u00a0\u00a0\u00a0 \u201eSzko\u0142a w tutejszej gminie istnia\u0142a ju\u017c od roku 1874. Kiedy za staraniem pani baronowej Beist, zamieszka\u0142ej w Chmielowie, wystawiono ko\u015bci\u00f3\u0142 w D\u0105browicy, ka\u017cdorazowy organista mia\u0142 obowi\u0105zek uczy\u0107 dzieci i by\u0107 pisarzem w gminie. Nauka ta odbywa\u0142a si\u0119 w wynaj\u0119tej chacie, zwykle w porze zimowej\u201d.\u00a0\u00a0\u00a0\u00a0 W 1886 roku zakupiono w lasach Ja\u015bnie Wielmo\u017cnego Hrabiego Jana [&hellip;]","og_url":"https:\/\/szkolaslezaki.pl\/?page_id=168","article_modified_time":"2026-02-12T07:39:15+00:00","twitter_card":"summary_large_image","twitter_misc":{"Szacowany czas czytania":"9 minut"},"schema":{"@context":"https:\/\/schema.org","@graph":[{"@type":"WebPage","@id":"https:\/\/szkolaslezaki.pl\/?page_id=168","url":"https:\/\/szkolaslezaki.pl\/?page_id=168","name":"Historia -","isPartOf":{"@id":"https:\/\/szkolaslezaki.pl\/#website"},"datePublished":"2026-02-12T07:39:14+00:00","dateModified":"2026-02-12T07:39:15+00:00","breadcrumb":{"@id":"https:\/\/szkolaslezaki.pl\/?page_id=168#breadcrumb"},"inLanguage":"pl-PL","potentialAction":[{"@type":"ReadAction","target":["https:\/\/szkolaslezaki.pl\/?page_id=168"]}]},{"@type":"BreadcrumbList","@id":"https:\/\/szkolaslezaki.pl\/?page_id=168#breadcrumb","itemListElement":[{"@type":"ListItem","position":1,"name":"Home","item":"https:\/\/szkolaslezaki.pl\/"},{"@type":"ListItem","position":2,"name":"Historia"}]},{"@type":"WebSite","@id":"https:\/\/szkolaslezaki.pl\/#website","url":"https:\/\/szkolaslezaki.pl\/","name":"","description":"","potentialAction":[{"@type":"SearchAction","target":{"@type":"EntryPoint","urlTemplate":"https:\/\/szkolaslezaki.pl\/?s={search_term_string}"},"query-input":{"@type":"PropertyValueSpecification","valueRequired":true,"valueName":"search_term_string"}}],"inLanguage":"pl-PL"}]}},"_links":{"self":[{"href":"https:\/\/szkolaslezaki.pl\/index.php?rest_route=\/wp\/v2\/pages\/168","targetHints":{"allow":["GET"]}}],"collection":[{"href":"https:\/\/szkolaslezaki.pl\/index.php?rest_route=\/wp\/v2\/pages"}],"about":[{"href":"https:\/\/szkolaslezaki.pl\/index.php?rest_route=\/wp\/v2\/types\/page"}],"author":[{"embeddable":true,"href":"https:\/\/szkolaslezaki.pl\/index.php?rest_route=\/wp\/v2\/users\/1"}],"replies":[{"embeddable":true,"href":"https:\/\/szkolaslezaki.pl\/index.php?rest_route=%2Fwp%2Fv2%2Fcomments&post=168"}],"version-history":[{"count":1,"href":"https:\/\/szkolaslezaki.pl\/index.php?rest_route=\/wp\/v2\/pages\/168\/revisions"}],"predecessor-version":[{"id":170,"href":"https:\/\/szkolaslezaki.pl\/index.php?rest_route=\/wp\/v2\/pages\/168\/revisions\/170"}],"wp:attachment":[{"href":"https:\/\/szkolaslezaki.pl\/index.php?rest_route=%2Fwp%2Fv2%2Fmedia&parent=168"}],"curies":[{"name":"wp","href":"https:\/\/api.w.org\/{rel}","templated":true}]}}